{"id":841,"date":"2020-05-28T09:29:12","date_gmt":"2020-05-28T09:29:12","guid":{"rendered":"http:\/\/el.commonsupport.com\/newwp\/envolve3\/?page_id=841"},"modified":"2023-11-28T09:06:39","modified_gmt":"2023-11-28T14:06:39","slug":"contacto","status":"publish","type":"page","link":"https:\/\/www.sai-open.com\/nueva\/contacto\/","title":{"rendered":"Contacto"},"content":{"rendered":"\t\t<div data-elementor-type=\"wp-page\" data-elementor-id=\"841\" class=\"elementor elementor-841\">\n\t\t\t\t\t\t<section class=\"elementor-section elementor-top-section elementor-element elementor-element-84be8d3 elementor-section-full_width elementor-section-height-default elementor-section-height-default\" data-id=\"84be8d3\" data-element_type=\"section\">\n\t\t\t\t\t\t<div class=\"elementor-container elementor-column-gap-default\">\n\t\t\t\t\t<div class=\"elementor-column elementor-col-100 elementor-top-column elementor-element elementor-element-98b9ab0\" data-id=\"98b9ab0\" data-element_type=\"column\">\n\t\t\t<div class=\"elementor-widget-wrap elementor-element-populated\">\n\t\t\t\t\t\t<div class=\"elementor-element elementor-element-b48a3b5 elementor-widget elementor-widget-envolve_contact_info_v1\" data-id=\"b48a3b5\" data-element_type=\"widget\" data-widget_type=\"envolve_contact_info_v1.default\">\n\t\t\t\t<div class=\"elementor-widget-container\">\n\t\t\t\t\t        \r\n        <!-- Contact Details Section -->\r\n        <section class=\"contact-details-section\">\r\n            <div class=\"auto-container\">\r\n                <div class=\"sec-title text-center\">\r\n                    <h2>Informaci\u00f3n de cont\u00e1cto<\/h2>\r\n                    <div class=\"text\"><\/div>\r\n                    <div class=\"text-decoration\">\r\n                        <span class=\"left\"><\/span>\r\n                        <span class=\"right\"><\/span>\r\n                    <\/div>\r\n                <\/div>\r\n                <div class=\"row\">\r\n                                        <div class=\"col-lg-3 contact-info-block\">\r\n                        <div class=\"inner-box\">\r\n                            <div class=\"icon-box\">\r\n                                <div class=\"icon\"><img decoding=\"async\" src=\"http:\/\/el.commonsupport.com\/newwp\/envolve3\/wp-content\/uploads\/2020\/05\/icon-46.png\" alt=\"Awesome Image\"><\/div>\r\n                                <h5>Ubicacion<\/h5>\r\n                                <h4>Direcci\u00f3n<\/h4>\r\n                            <\/div>                            \r\n                            <ul>\r\n                                <li>Av 5A Norte # 24N \u2013 73<br> Valle del Cauca - Cali<\/li>                            <\/ul>\r\n                    \t<\/div>\r\n                \t<\/div>\r\n                                        <div class=\"col-lg-3 contact-info-block\">\r\n                        <div class=\"inner-box\">\r\n                            <div class=\"icon-box\">\r\n                                <div class=\"icon\"><img decoding=\"async\" src=\"http:\/\/el.commonsupport.com\/newwp\/envolve3\/wp-content\/uploads\/2020\/05\/icon-47.png\" alt=\"Awesome Image\"><\/div>\r\n                                <h5>Telefono<\/h5>\r\n                                <h4>Cont\u00e1cto<\/h4>\r\n                            <\/div>                            \r\n                            <ul>\r\n                                <li><a href=\"tel:+573113440753\">+57 311 344 0753 <\/a><\/li><li>                            <\/ul>\r\n                    \t<\/div>\r\n                \t<\/div>\r\n                                        <div class=\"col-lg-3 contact-info-block\">\r\n                        <div class=\"inner-box\">\r\n                            <div class=\"icon-box\">\r\n                                <div class=\"icon\"><img decoding=\"async\" src=\"http:\/\/el.commonsupport.com\/newwp\/envolve3\/wp-content\/uploads\/2020\/05\/icon-48.png\" alt=\"Awesome Image\"><\/div>\r\n                                <h5>Email<\/h5>\r\n                                <h4>Mercadeo<\/h4>\r\n                            <\/div>                            \r\n                            <ul>\r\n                                <li><a href=\"mailto:mercadeo2@sai-open.com\">mercadeo2@sai-open.com<\/a><\/li><li>                            <\/ul>\r\n                    \t<\/div>\r\n                \t<\/div>\r\n                                        <div class=\"col-lg-3 contact-info-block\">\r\n                        <div class=\"inner-box\">\r\n                            <div class=\"icon-box\">\r\n                                <div class=\"icon\"><img decoding=\"async\" src=\"http:\/\/el.commonsupport.com\/newwp\/envolve3\/wp-content\/uploads\/2020\/05\/icon-49.png\" alt=\"Awesome Image\"><\/div>\r\n                                <h5>Horario<\/h5>\r\n                                <h4>Oficina<\/h4>\r\n                            <\/div>                            \r\n                            <ul>\r\n                                <li>Lun-Vie 7:30\u202fam. A 5:30pm <br>Sab: 8:00 a.m. A 12:30 p.m  <\/li>                            <\/ul>\r\n                    \t<\/div>\r\n                \t<\/div>\r\n                                    <\/div>            \r\n            <\/div>\r\n        <\/section>\r\n        \r\n\t\t\t\t\t\t<\/div>\n\t\t\t\t<\/div>\n\t\t\t\t\t<\/div>\n\t\t<\/div>\n\t\t\t\t\t<\/div>\n\t\t<\/section>\n\t\t\t\t<section class=\"elementor-section elementor-top-section elementor-element elementor-element-08d26f6 elementor-section-full_width elementor-section-height-default elementor-section-height-default\" data-id=\"08d26f6\" data-element_type=\"section\">\n\t\t\t\t\t\t<div class=\"elementor-container elementor-column-gap-default\">\n\t\t\t\t\t<div class=\"elementor-column elementor-col-100 elementor-top-column elementor-element elementor-element-db36843\" data-id=\"db36843\" data-element_type=\"column\">\n\t\t\t<div class=\"elementor-widget-wrap elementor-element-populated\">\n\t\t\t\t\t\t<div class=\"elementor-element elementor-element-a83154f elementor-widget elementor-widget-envolve_contact_form_v1\" data-id=\"a83154f\" data-element_type=\"widget\" data-widget_type=\"envolve_contact_form_v1.default\">\n\t\t\t\t<div class=\"elementor-widget-container\">\n\t\t\t\t\t        \r\n        <!-- Contact Form Section -->\r\n        <section class=\"contact-form-section\">\r\n            <div class=\"auto-container\">\r\n                <div class=\"row\">\r\n                    <div class=\"col-lg-4\">\r\n                        <div class=\"live-contact\">\r\n                            <div class=\"image\"><img decoding=\"async\" src=\"https:\/\/www.sai-open.com\/nueva\/wp-content\/uploads\/2023\/11\/CONTACTO-1.jpg\" alt=\"\"><\/div>\r\n                            <div class=\"content\">\r\n                                <div class=\"icon\"><span class=\"icon flaticon-support-1\"><\/span><\/div>\r\n                                <h4>Contactanos ahora<\/h4>\r\n                                <div class=\"text\"><span>Nuestros consultores altamente capacitados est\u00e1n listos para brindarle asesoramiento especializado\u00a0y\u00a0personalizado<\/span><\/div>\r\n                                <div class=\"link-btn\"><a href=\"https:\/\/wa.me\/573113440753?text=Gracias%20por%20comunicarte%20con%20SAI-OPEN%20%C2%BFcomo%20podemos%20ayudarte?\" class=\"theme-btn btn-style-one\"><span class=\"btn-title\">CHAT<\/span><\/a><\/div>\r\n                            <\/div>\r\n                        <\/div>\r\n                    <\/div>\r\n                    <div class=\"col-lg-8\">\r\n                        <div class=\"sec-title\">\r\n                            <h2>Formulario de Cont\u00e1cto<\/h2>\r\n                            <div class=\"text-decoration\">\r\n                                <span class=\"left\"><\/span>\r\n                                <span class=\"right\"><\/span>\r\n                            <\/div>\r\n                        <\/div>\r\n                        <div class=\"contact-form\">\r\n                            <div style=\"height:600px !important;width:100% !important\"><iframe src=\"https:\/\/www.sai-open.com\/nueva\/CONTACTENOS.html\" height=\"600\" width=\"450\">\n<\/iframe><\/div>                        <\/div>\r\n                    <\/div>\r\n                <\/div>\r\n            <\/div>\r\n        <\/section>\r\n         \r\n\t\t\t\t\t\t<\/div>\n\t\t\t\t<\/div>\n\t\t\t\t\t<\/div>\n\t\t<\/div>\n\t\t\t\t\t<\/div>\n\t\t<\/section>\n\t\t\t\t<\/div>\n\t\t","protected":false},"excerpt":{"rendered":"<p>Informaci\u00f3n de cont\u00e1cto Ubicacion Direcci\u00f3n Av 5A Norte # 24N \u2013 73 Valle del Cauca &#8211; Cali Telefono Cont\u00e1cto +57 311 344 0753 Email Mercadeo mercadeo2@sai-open.com Horario Oficina Lun-Vie 7:30\u202fam. A 5:30pm Sab: 8:00 a.m. A 12:30 p.m Contactanos ahora Nuestros consultores altamente capacitados est\u00e1n listos para brindarle asesoramiento especializado\u00a0y\u00a0personalizado CHAT Formulario de Cont\u00e1cto<\/p>\n","protected":false},"author":1,"featured_media":0,"parent":0,"menu_order":0,"comment_status":"closed","ping_status":"closed","template":"tpl-default-elementor.php","meta":{"footnotes":""},"class_list":["post-841","page","type-page","status-publish","hentry"],"yoast_head":"<!-- This site is optimized with the Yoast SEO plugin v25.7 - https:\/\/yoast.com\/wordpress\/plugins\/seo\/ -->\n<title>Contacto - GRUPO SAI S.A.S<\/title>\n<meta name=\"robots\" content=\"index, follow, max-snippet:-1, max-image-preview:large, max-video-preview:-1\" \/>\n<link rel=\"canonical\" href=\"https:\/\/www.sai-open.com\/nueva\/contacto\/\" \/>\n<meta property=\"og:locale\" content=\"es_ES\" \/>\n<meta property=\"og:type\" content=\"article\" \/>\n<meta property=\"og:title\" content=\"Contacto - GRUPO SAI S.A.S\" \/>\n<meta property=\"og:description\" content=\"Informaci\u00f3n de cont\u00e1cto Ubicacion Direcci\u00f3n Av 5A Norte # 24N \u2013 73 Valle del Cauca &#8211; Cali Telefono Cont\u00e1cto +57 311 344 0753 Email Mercadeo mercadeo2@sai-open.com Horario Oficina Lun-Vie 7:30\u202fam. A 5:30pm Sab: 8:00 a.m. A 12:30 p.m Contactanos ahora Nuestros consultores altamente capacitados est\u00e1n listos para brindarle asesoramiento especializado\u00a0y\u00a0personalizado CHAT Formulario de Cont\u00e1cto\" \/>\n<meta property=\"og:url\" content=\"https:\/\/www.sai-open.com\/nueva\/contacto\/\" \/>\n<meta property=\"og:site_name\" content=\"GRUPO SAI S.A.S\" \/>\n<meta property=\"article:modified_time\" content=\"2023-11-28T14:06:39+00:00\" \/>\n<meta property=\"og:image\" content=\"http:\/\/el.commonsupport.com\/newwp\/envolve3\/wp-content\/uploads\/2020\/05\/icon-46.png\" \/>\n<meta name=\"twitter:card\" content=\"summary_large_image\" \/>\n<script type=\"application\/ld+json\" class=\"yoast-schema-graph\">{\"@context\":\"https:\/\/schema.org\",\"@graph\":[{\"@type\":\"WebPage\",\"@id\":\"https:\/\/www.sai-open.com\/nueva\/contacto\/\",\"url\":\"https:\/\/www.sai-open.com\/nueva\/contacto\/\",\"name\":\"Contacto - GRUPO SAI S.A.S\",\"isPartOf\":{\"@id\":\"https:\/\/www.sai-open.com\/nueva\/#website\"},\"primaryImageOfPage\":{\"@id\":\"https:\/\/www.sai-open.com\/nueva\/contacto\/#primaryimage\"},\"image\":{\"@id\":\"https:\/\/www.sai-open.com\/nueva\/contacto\/#primaryimage\"},\"thumbnailUrl\":\"http:\/\/el.commonsupport.com\/newwp\/envolve3\/wp-content\/uploads\/2020\/05\/icon-46.png\",\"datePublished\":\"2020-05-28T09:29:12+00:00\",\"dateModified\":\"2023-11-28T14:06:39+00:00\",\"breadcrumb\":{\"@id\":\"https:\/\/www.sai-open.com\/nueva\/contacto\/#breadcrumb\"},\"inLanguage\":\"es-CO\",\"potentialAction\":[{\"@type\":\"ReadAction\",\"target\":[\"https:\/\/www.sai-open.com\/nueva\/contacto\/\"]}]},{\"@type\":\"ImageObject\",\"inLanguage\":\"es-CO\",\"@id\":\"https:\/\/www.sai-open.com\/nueva\/contacto\/#primaryimage\",\"url\":\"http:\/\/el.commonsupport.com\/newwp\/envolve3\/wp-content\/uploads\/2020\/05\/icon-46.png\",\"contentUrl\":\"http:\/\/el.commonsupport.com\/newwp\/envolve3\/wp-content\/uploads\/2020\/05\/icon-46.png\"},{\"@type\":\"BreadcrumbList\",\"@id\":\"https:\/\/www.sai-open.com\/nueva\/contacto\/#breadcrumb\",\"itemListElement\":[{\"@type\":\"ListItem\",\"position\":1,\"name\":\"Inicio\",\"item\":\"https:\/\/www.sai-open.com\/nueva\/\"},{\"@type\":\"ListItem\",\"position\":2,\"name\":\"Contacto\"}]},{\"@type\":\"WebSite\",\"@id\":\"https:\/\/www.sai-open.com\/nueva\/#website\",\"url\":\"https:\/\/www.sai-open.com\/nueva\/\",\"name\":\"GRUPO SAI S.A.S\",\"description\":\"Sistema administrativo inteligente\",\"publisher\":{\"@id\":\"https:\/\/www.sai-open.com\/nueva\/#organization\"},\"potentialAction\":[{\"@type\":\"SearchAction\",\"target\":{\"@type\":\"EntryPoint\",\"urlTemplate\":\"https:\/\/www.sai-open.com\/nueva\/?s={search_term_string}\"},\"query-input\":{\"@type\":\"PropertyValueSpecification\",\"valueRequired\":true,\"valueName\":\"search_term_string\"}}],\"inLanguage\":\"es-CO\"},{\"@type\":\"Organization\",\"@id\":\"https:\/\/www.sai-open.com\/nueva\/#organization\",\"name\":\"GRUPO SAI S.A.S\",\"url\":\"https:\/\/www.sai-open.com\/nueva\/\",\"logo\":{\"@type\":\"ImageObject\",\"inLanguage\":\"es-CO\",\"@id\":\"https:\/\/www.sai-open.com\/nueva\/#\/schema\/logo\/image\/\",\"url\":\"https:\/\/www.sai-open.com\/nueva\/wp-content\/uploads\/2023\/11\/Sai-Open-1.png\",\"contentUrl\":\"https:\/\/www.sai-open.com\/nueva\/wp-content\/uploads\/2023\/11\/Sai-Open-1.png\",\"width\":230,\"height\":52,\"caption\":\"GRUPO SAI S.A.S\"},\"image\":{\"@id\":\"https:\/\/www.sai-open.com\/nueva\/#\/schema\/logo\/image\/\"}}]}<\/script>\n<!-- \/ Yoast SEO plugin. -->","yoast_head_json":{"title":"Contacto - GRUPO SAI S.A.S","robots":{"index":"index","follow":"follow","max-snippet":"max-snippet:-1","max-image-preview":"max-image-preview:large","max-video-preview":"max-video-preview:-1"},"canonical":"https:\/\/www.sai-open.com\/nueva\/contacto\/","og_locale":"es_ES","og_type":"article","og_title":"Contacto - GRUPO SAI S.A.S","og_description":"Informaci\u00f3n de cont\u00e1cto Ubicacion Direcci\u00f3n Av 5A Norte # 24N \u2013 73 Valle del Cauca &#8211; Cali Telefono Cont\u00e1cto +57 311 344 0753 Email Mercadeo mercadeo2@sai-open.com Horario Oficina Lun-Vie 7:30\u202fam. A 5:30pm Sab: 8:00 a.m. A 12:30 p.m Contactanos ahora Nuestros consultores altamente capacitados est\u00e1n listos para brindarle asesoramiento especializado\u00a0y\u00a0personalizado CHAT Formulario de Cont\u00e1cto","og_url":"https:\/\/www.sai-open.com\/nueva\/contacto\/","og_site_name":"GRUPO SAI S.A.S","article_modified_time":"2023-11-28T14:06:39+00:00","og_image":[{"url":"http:\/\/el.commonsupport.com\/newwp\/envolve3\/wp-content\/uploads\/2020\/05\/icon-46.png","type":"","width":"","height":""}],"twitter_card":"summary_large_image","schema":{"@context":"https:\/\/schema.org","@graph":[{"@type":"WebPage","@id":"https:\/\/www.sai-open.com\/nueva\/contacto\/","url":"https:\/\/www.sai-open.com\/nueva\/contacto\/","name":"Contacto - GRUPO SAI S.A.S","isPartOf":{"@id":"https:\/\/www.sai-open.com\/nueva\/#website"},"primaryImageOfPage":{"@id":"https:\/\/www.sai-open.com\/nueva\/contacto\/#primaryimage"},"image":{"@id":"https:\/\/www.sai-open.com\/nueva\/contacto\/#primaryimage"},"thumbnailUrl":"http:\/\/el.commonsupport.com\/newwp\/envolve3\/wp-content\/uploads\/2020\/05\/icon-46.png","datePublished":"2020-05-28T09:29:12+00:00","dateModified":"2023-11-28T14:06:39+00:00","breadcrumb":{"@id":"https:\/\/www.sai-open.com\/nueva\/contacto\/#breadcrumb"},"inLanguage":"es-CO","potentialAction":[{"@type":"ReadAction","target":["https:\/\/www.sai-open.com\/nueva\/contacto\/"]}]},{"@type":"ImageObject","inLanguage":"es-CO","@id":"https:\/\/www.sai-open.com\/nueva\/contacto\/#primaryimage","url":"http:\/\/el.commonsupport.com\/newwp\/envolve3\/wp-content\/uploads\/2020\/05\/icon-46.png","contentUrl":"http:\/\/el.commonsupport.com\/newwp\/envolve3\/wp-content\/uploads\/2020\/05\/icon-46.png"},{"@type":"BreadcrumbList","@id":"https:\/\/www.sai-open.com\/nueva\/contacto\/#breadcrumb","itemListElement":[{"@type":"ListItem","position":1,"name":"Inicio","item":"https:\/\/www.sai-open.com\/nueva\/"},{"@type":"ListItem","position":2,"name":"Contacto"}]},{"@type":"WebSite","@id":"https:\/\/www.sai-open.com\/nueva\/#website","url":"https:\/\/www.sai-open.com\/nueva\/","name":"GRUPO SAI S.A.S","description":"Sistema administrativo inteligente","publisher":{"@id":"https:\/\/www.sai-open.com\/nueva\/#organization"},"potentialAction":[{"@type":"SearchAction","target":{"@type":"EntryPoint","urlTemplate":"https:\/\/www.sai-open.com\/nueva\/?s={search_term_string}"},"query-input":{"@type":"PropertyValueSpecification","valueRequired":true,"valueName":"search_term_string"}}],"inLanguage":"es-CO"},{"@type":"Organization","@id":"https:\/\/www.sai-open.com\/nueva\/#organization","name":"GRUPO SAI S.A.S","url":"https:\/\/www.sai-open.com\/nueva\/","logo":{"@type":"ImageObject","inLanguage":"es-CO","@id":"https:\/\/www.sai-open.com\/nueva\/#\/schema\/logo\/image\/","url":"https:\/\/www.sai-open.com\/nueva\/wp-content\/uploads\/2023\/11\/Sai-Open-1.png","contentUrl":"https:\/\/www.sai-open.com\/nueva\/wp-content\/uploads\/2023\/11\/Sai-Open-1.png","width":230,"height":52,"caption":"GRUPO SAI S.A.S"},"image":{"@id":"https:\/\/www.sai-open.com\/nueva\/#\/schema\/logo\/image\/"}}]}},"_links":{"self":[{"href":"https:\/\/www.sai-open.com\/nueva\/wp-json\/wp\/v2\/pages\/841","targetHints":{"allow":["GET"]}}],"collection":[{"href":"https:\/\/www.sai-open.com\/nueva\/wp-json\/wp\/v2\/pages"}],"about":[{"href":"https:\/\/www.sai-open.com\/nueva\/wp-json\/wp\/v2\/types\/page"}],"author":[{"embeddable":true,"href":"https:\/\/www.sai-open.com\/nueva\/wp-json\/wp\/v2\/users\/1"}],"replies":[{"embeddable":true,"href":"https:\/\/www.sai-open.com\/nueva\/wp-json\/wp\/v2\/comments?post=841"}],"version-history":[{"count":43,"href":"https:\/\/www.sai-open.com\/nueva\/wp-json\/wp\/v2\/pages\/841\/revisions"}],"predecessor-version":[{"id":5275,"href":"https:\/\/www.sai-open.com\/nueva\/wp-json\/wp\/v2\/pages\/841\/revisions\/5275"}],"wp:attachment":[{"href":"https:\/\/www.sai-open.com\/nueva\/wp-json\/wp\/v2\/media?parent=841"}],"curies":[{"name":"wp","href":"https:\/\/api.w.org\/{rel}","templated":true}]}}