{"id":6249,"date":"2023-11-30T11:11:47","date_gmt":"2023-11-30T16:11:47","guid":{"rendered":"https:\/\/www.sai-open.com\/nueva\/?page_id=6249"},"modified":"2023-11-30T11:46:00","modified_gmt":"2023-11-30T16:46:00","slug":"logistica","status":"publish","type":"page","link":"https:\/\/www.sai-open.com\/nueva\/logistica\/","title":{"rendered":"Log\u00edstica"},"content":{"rendered":"\t\t<div data-elementor-type=\"wp-page\" data-elementor-id=\"6249\" class=\"elementor elementor-6249\">\n\t\t\t\t<div class=\"elementor-element elementor-element-468bac8 e-flex e-con-boxed e-con e-parent\" data-id=\"468bac8\" data-element_type=\"container\">\n\t\t\t\t\t<div class=\"e-con-inner\">\n\t\t<div class=\"elementor-element elementor-element-b198ce4 e-flex e-con-boxed e-con e-child\" data-id=\"b198ce4\" data-element_type=\"container\">\n\t\t\t\t\t<div class=\"e-con-inner\">\n\t\t\t\t<div class=\"elementor-element elementor-element-e0c4f49 elementor-invisible elementor-widget elementor-widget-heading\" data-id=\"e0c4f49\" data-element_type=\"widget\" data-settings=\"{&quot;_animation&quot;:&quot;fadeInDown&quot;}\" data-widget_type=\"heading.default\">\n\t\t\t\t<div class=\"elementor-widget-container\">\n\t\t\t\t\t<h2 class=\"elementor-heading-title elementor-size-default\">Log\u00edstica <\/h2>\t\t\t\t<\/div>\n\t\t\t\t<\/div>\n\t\t\t\t\t<\/div>\n\t\t\t\t<\/div>\n\t\t\t\t\t<\/div>\n\t\t\t\t<\/div>\n\t\t<div class=\"elementor-element elementor-element-114b627 e-flex e-con-boxed e-con e-parent\" data-id=\"114b627\" data-element_type=\"container\">\n\t\t\t\t\t<div class=\"e-con-inner\">\n\t\t\t\t<div class=\"elementor-element elementor-element-9664227 elementor-widget elementor-widget-text-editor\" data-id=\"9664227\" data-element_type=\"widget\" data-widget_type=\"text-editor.default\">\n\t\t\t\t<div class=\"elementor-widget-container\">\n\t\t\t\t\t\t\t\t\t<span>Este m\u00f3dulo en la nube brinda una soluci\u00f3n efectiva a procesos de recepci\u00f3n de productos, marcaci\u00f3n, alistamiento e Inventarios f\u00edsicos de productos en el Centro de distribuci\u00f3n y bodegas.\n<br\/><br\/>\nA partir de la integraci\u00f3n con SaiOpen permite la generaci\u00f3n nativa de todas las simbolog\u00edas disponibles de c\u00f3digo de barras tanto lineales como bidimensionales.<\/span>\t\t\t\t\t\t\t\t<\/div>\n\t\t\t\t<\/div>\n\t\t\t\t<div class=\"elementor-element elementor-element-dcfecc0 elementor-widget elementor-widget-spacer\" data-id=\"dcfecc0\" data-element_type=\"widget\" data-widget_type=\"spacer.default\">\n\t\t\t\t<div class=\"elementor-widget-container\">\n\t\t\t\t\t\t\t<div class=\"elementor-spacer\">\n\t\t\t<div class=\"elementor-spacer-inner\"><\/div>\n\t\t<\/div>\n\t\t\t\t\t\t<\/div>\n\t\t\t\t<\/div>\n\t\t\t\t\t<\/div>\n\t\t\t\t<\/div>\n\t\t<div class=\"elementor-element elementor-element-3aab8a9 e-flex e-con-boxed e-con e-parent\" data-id=\"3aab8a9\" data-element_type=\"container\">\n\t\t\t\t\t<div class=\"e-con-inner\">\n\t\t<div class=\"elementor-element elementor-element-c3d25ca e-con-full e-flex e-con e-child\" data-id=\"c3d25ca\" data-element_type=\"container\">\n\t\t\t\t<div class=\"elementor-element elementor-element-4be0d7f elementor-align-left elementor-icon-list--layout-traditional elementor-list-item-link-full_width elementor-invisible elementor-widget elementor-widget-icon-list\" data-id=\"4be0d7f\" data-element_type=\"widget\" data-settings=\"{&quot;_animation&quot;:&quot;fadeInLeft&quot;}\" data-widget_type=\"icon-list.default\">\n\t\t\t\t<div class=\"elementor-widget-container\">\n\t\t\t\t\t\t\t<ul class=\"elementor-icon-list-items\">\n\t\t\t\t\t\t\t<li class=\"elementor-icon-list-item\">\n\t\t\t\t\t\t\t\t\t\t\t<span class=\"elementor-icon-list-icon\">\n\t\t\t\t\t\t\t<svg aria-hidden=\"true\" class=\"e-font-icon-svg e-fas-check\" viewBox=\"0 0 512 512\" xmlns=\"http:\/\/www.w3.org\/2000\/svg\"><path d=\"M173.898 439.404l-166.4-166.4c-9.997-9.997-9.997-26.206 0-36.204l36.203-36.204c9.997-9.998 26.207-9.998 36.204 0L192 312.69 432.095 72.596c9.997-9.997 26.207-9.997 36.204 0l36.203 36.204c9.997 9.997 9.997 26.206 0 36.204l-294.4 294.401c-9.998 9.997-26.207 9.997-36.204-.001z\"><\/path><\/svg>\t\t\t\t\t\t<\/span>\n\t\t\t\t\t\t\t\t\t\t<span class=\"elementor-icon-list-text\">Simbolog\u00edas Lineales<\/span>\n\t\t\t\t\t\t\t\t\t<\/li>\n\t\t\t\t\t\t\t\t<li class=\"elementor-icon-list-item\">\n\t\t\t\t\t\t\t\t\t\t\t<span class=\"elementor-icon-list-icon\">\n\t\t\t\t\t\t\t<svg aria-hidden=\"true\" class=\"e-font-icon-svg e-fas-check\" viewBox=\"0 0 512 512\" xmlns=\"http:\/\/www.w3.org\/2000\/svg\"><path d=\"M173.898 439.404l-166.4-166.4c-9.997-9.997-9.997-26.206 0-36.204l36.203-36.204c9.997-9.998 26.207-9.998 36.204 0L192 312.69 432.095 72.596c9.997-9.997 26.207-9.997 36.204 0l36.203 36.204c9.997 9.997 9.997 26.206 0 36.204l-294.4 294.401c-9.998 9.997-26.207 9.997-36.204-.001z\"><\/path><\/svg>\t\t\t\t\t\t<\/span>\n\t\t\t\t\t\t\t\t\t\t<span class=\"elementor-icon-list-text\">EAN 13<\/span>\n\t\t\t\t\t\t\t\t\t<\/li>\n\t\t\t\t\t\t\t\t<li class=\"elementor-icon-list-item\">\n\t\t\t\t\t\t\t\t\t\t\t<span class=\"elementor-icon-list-icon\">\n\t\t\t\t\t\t\t<svg aria-hidden=\"true\" class=\"e-font-icon-svg e-fas-check\" viewBox=\"0 0 512 512\" xmlns=\"http:\/\/www.w3.org\/2000\/svg\"><path d=\"M173.898 439.404l-166.4-166.4c-9.997-9.997-9.997-26.206 0-36.204l36.203-36.204c9.997-9.998 26.207-9.998 36.204 0L192 312.69 432.095 72.596c9.997-9.997 26.207-9.997 36.204 0l36.203 36.204c9.997 9.997 9.997 26.206 0 36.204l-294.4 294.401c-9.998 9.997-26.207 9.997-36.204-.001z\"><\/path><\/svg>\t\t\t\t\t\t<\/span>\n\t\t\t\t\t\t\t\t\t\t<span class=\"elementor-icon-list-text\">\tEAN 128<\/span>\n\t\t\t\t\t\t\t\t\t<\/li>\n\t\t\t\t\t\t<\/ul>\n\t\t\t\t\t\t<\/div>\n\t\t\t\t<\/div>\n\t\t\t\t<\/div>\n\t\t<div class=\"elementor-element elementor-element-706d911 e-con-full e-flex e-con e-child\" data-id=\"706d911\" data-element_type=\"container\">\n\t\t\t\t<div class=\"elementor-element elementor-element-3b8b397 elementor-align-left elementor-icon-list--layout-traditional elementor-list-item-link-full_width elementor-invisible elementor-widget elementor-widget-icon-list\" data-id=\"3b8b397\" data-element_type=\"widget\" data-settings=\"{&quot;_animation&quot;:&quot;fadeInLeft&quot;}\" data-widget_type=\"icon-list.default\">\n\t\t\t\t<div class=\"elementor-widget-container\">\n\t\t\t\t\t\t\t<ul class=\"elementor-icon-list-items\">\n\t\t\t\t\t\t\t<li class=\"elementor-icon-list-item\">\n\t\t\t\t\t\t\t\t\t\t\t<span class=\"elementor-icon-list-icon\">\n\t\t\t\t\t\t\t<svg aria-hidden=\"true\" class=\"e-font-icon-svg e-fas-check\" viewBox=\"0 0 512 512\" xmlns=\"http:\/\/www.w3.org\/2000\/svg\"><path d=\"M173.898 439.404l-166.4-166.4c-9.997-9.997-9.997-26.206 0-36.204l36.203-36.204c9.997-9.998 26.207-9.998 36.204 0L192 312.69 432.095 72.596c9.997-9.997 26.207-9.997 36.204 0l36.203 36.204c9.997 9.997 9.997 26.206 0 36.204l-294.4 294.401c-9.998 9.997-26.207 9.997-36.204-.001z\"><\/path><\/svg>\t\t\t\t\t\t<\/span>\n\t\t\t\t\t\t\t\t\t\t<span class=\"elementor-icon-list-text\">Bidimensionales<\/span>\n\t\t\t\t\t\t\t\t\t<\/li>\n\t\t\t\t\t\t\t\t<li class=\"elementor-icon-list-item\">\n\t\t\t\t\t\t\t\t\t\t\t<span class=\"elementor-icon-list-icon\">\n\t\t\t\t\t\t\t<svg aria-hidden=\"true\" class=\"e-font-icon-svg e-fas-check\" viewBox=\"0 0 512 512\" xmlns=\"http:\/\/www.w3.org\/2000\/svg\"><path d=\"M173.898 439.404l-166.4-166.4c-9.997-9.997-9.997-26.206 0-36.204l36.203-36.204c9.997-9.998 26.207-9.998 36.204 0L192 312.69 432.095 72.596c9.997-9.997 26.207-9.997 36.204 0l36.203 36.204c9.997 9.997 9.997 26.206 0 36.204l-294.4 294.401c-9.998 9.997-26.207 9.997-36.204-.001z\"><\/path><\/svg>\t\t\t\t\t\t<\/span>\n\t\t\t\t\t\t\t\t\t\t<span class=\"elementor-icon-list-text\">GS1 Datamatrix<\/span>\n\t\t\t\t\t\t\t\t\t<\/li>\n\t\t\t\t\t\t\t\t<li class=\"elementor-icon-list-item\">\n\t\t\t\t\t\t\t\t\t\t\t<span class=\"elementor-icon-list-icon\">\n\t\t\t\t\t\t\t<svg aria-hidden=\"true\" class=\"e-font-icon-svg e-fas-check\" viewBox=\"0 0 512 512\" xmlns=\"http:\/\/www.w3.org\/2000\/svg\"><path d=\"M173.898 439.404l-166.4-166.4c-9.997-9.997-9.997-26.206 0-36.204l36.203-36.204c9.997-9.998 26.207-9.998 36.204 0L192 312.69 432.095 72.596c9.997-9.997 26.207-9.997 36.204 0l36.203 36.204c9.997 9.997 9.997 26.206 0 36.204l-294.4 294.401c-9.998 9.997-26.207 9.997-36.204-.001z\"><\/path><\/svg>\t\t\t\t\t\t<\/span>\n\t\t\t\t\t\t\t\t\t\t<span class=\"elementor-icon-list-text\">\tGS1 QR Code<\/span>\n\t\t\t\t\t\t\t\t\t<\/li>\n\t\t\t\t\t\t<\/ul>\n\t\t\t\t\t\t<\/div>\n\t\t\t\t<\/div>\n\t\t\t\t<\/div>\n\t\t\t\t\t<\/div>\n\t\t\t\t<\/div>\n\t\t<div class=\"elementor-element elementor-element-098311a e-flex e-con-boxed e-con e-parent\" data-id=\"098311a\" data-element_type=\"container\">\n\t\t\t\t\t<div class=\"e-con-inner\">\n\t\t\t\t<div class=\"elementor-element elementor-element-3cb5303 elementor-widget elementor-widget-spacer\" data-id=\"3cb5303\" data-element_type=\"widget\" data-widget_type=\"spacer.default\">\n\t\t\t\t<div class=\"elementor-widget-container\">\n\t\t\t\t\t\t\t<div class=\"elementor-spacer\">\n\t\t\t<div class=\"elementor-spacer-inner\"><\/div>\n\t\t<\/div>\n\t\t\t\t\t\t<\/div>\n\t\t\t\t<\/div>\n\t\t\t\t<div class=\"elementor-element elementor-element-663400a elementor-widget elementor-widget-text-editor\" data-id=\"663400a\" data-element_type=\"widget\" data-widget_type=\"text-editor.default\">\n\t\t\t\t<div class=\"elementor-widget-container\">\n\t\t\t\t\t\t\t\t\tCon base en documentos de actividades de inventario o existencias en bodega. Tambi\u00e9n permite componer la estructura de datos a imprimir para verificaci\u00f3n de lotes, fechas de vencimiento, seriales y empaquetamiento.\t\t\t\t\t\t\t\t<\/div>\n\t\t\t\t<\/div>\n\t\t\t\t\t<\/div>\n\t\t\t\t<\/div>\n\t\t\t\t<\/div>\n\t\t","protected":false},"excerpt":{"rendered":"<p>Log\u00edstica Este m\u00f3dulo en la nube brinda una soluci\u00f3n efectiva a procesos de recepci\u00f3n de productos, marcaci\u00f3n, alistamiento e Inventarios f\u00edsicos de productos en el Centro de distribuci\u00f3n y bodegas. A partir de la integraci\u00f3n con SaiOpen permite la generaci\u00f3n nativa de todas las simbolog\u00edas disponibles de c\u00f3digo de barras tanto lineales como bidimensionales. Simbolog\u00edas [&hellip;]<\/p>\n","protected":false},"author":1,"featured_media":0,"parent":0,"menu_order":0,"comment_status":"closed","ping_status":"closed","template":"","meta":{"footnotes":""},"class_list":["post-6249","page","type-page","status-publish","hentry"],"yoast_head":"<!-- This site is optimized with the Yoast SEO plugin v25.7 - https:\/\/yoast.com\/wordpress\/plugins\/seo\/ -->\n<title>Log\u00edstica - GRUPO SAI S.A.S<\/title>\n<meta name=\"robots\" content=\"index, follow, max-snippet:-1, max-image-preview:large, max-video-preview:-1\" \/>\n<link rel=\"canonical\" href=\"https:\/\/www.sai-open.com\/nueva\/logistica\/\" \/>\n<meta property=\"og:locale\" content=\"es_ES\" \/>\n<meta property=\"og:type\" content=\"article\" \/>\n<meta property=\"og:title\" content=\"Log\u00edstica - GRUPO SAI S.A.S\" \/>\n<meta property=\"og:description\" content=\"Log\u00edstica Este m\u00f3dulo en la nube brinda una soluci\u00f3n efectiva a procesos de recepci\u00f3n de productos, marcaci\u00f3n, alistamiento e Inventarios f\u00edsicos de productos en el Centro de distribuci\u00f3n y bodegas. A partir de la integraci\u00f3n con SaiOpen permite la generaci\u00f3n nativa de todas las simbolog\u00edas disponibles de c\u00f3digo de barras tanto lineales como bidimensionales. Simbolog\u00edas [&hellip;]\" \/>\n<meta property=\"og:url\" content=\"https:\/\/www.sai-open.com\/nueva\/logistica\/\" \/>\n<meta property=\"og:site_name\" content=\"GRUPO SAI S.A.S\" \/>\n<meta property=\"article:modified_time\" content=\"2023-11-30T16:46:00+00:00\" \/>\n<meta name=\"twitter:card\" content=\"summary_large_image\" \/>\n<meta name=\"twitter:label1\" content=\"Tiempo de lectura\" \/>\n\t<meta name=\"twitter:data1\" content=\"1 minuto\" \/>\n<script type=\"application\/ld+json\" class=\"yoast-schema-graph\">{\"@context\":\"https:\/\/schema.org\",\"@graph\":[{\"@type\":\"WebPage\",\"@id\":\"https:\/\/www.sai-open.com\/nueva\/logistica\/\",\"url\":\"https:\/\/www.sai-open.com\/nueva\/logistica\/\",\"name\":\"Log\u00edstica - GRUPO SAI S.A.S\",\"isPartOf\":{\"@id\":\"https:\/\/www.sai-open.com\/nueva\/#website\"},\"datePublished\":\"2023-11-30T16:11:47+00:00\",\"dateModified\":\"2023-11-30T16:46:00+00:00\",\"breadcrumb\":{\"@id\":\"https:\/\/www.sai-open.com\/nueva\/logistica\/#breadcrumb\"},\"inLanguage\":\"es-CO\",\"potentialAction\":[{\"@type\":\"ReadAction\",\"target\":[\"https:\/\/www.sai-open.com\/nueva\/logistica\/\"]}]},{\"@type\":\"BreadcrumbList\",\"@id\":\"https:\/\/www.sai-open.com\/nueva\/logistica\/#breadcrumb\",\"itemListElement\":[{\"@type\":\"ListItem\",\"position\":1,\"name\":\"Inicio\",\"item\":\"https:\/\/www.sai-open.com\/nueva\/\"},{\"@type\":\"ListItem\",\"position\":2,\"name\":\"Log\u00edstica\"}]},{\"@type\":\"WebSite\",\"@id\":\"https:\/\/www.sai-open.com\/nueva\/#website\",\"url\":\"https:\/\/www.sai-open.com\/nueva\/\",\"name\":\"GRUPO SAI S.A.S\",\"description\":\"Sistema administrativo inteligente\",\"publisher\":{\"@id\":\"https:\/\/www.sai-open.com\/nueva\/#organization\"},\"potentialAction\":[{\"@type\":\"SearchAction\",\"target\":{\"@type\":\"EntryPoint\",\"urlTemplate\":\"https:\/\/www.sai-open.com\/nueva\/?s={search_term_string}\"},\"query-input\":{\"@type\":\"PropertyValueSpecification\",\"valueRequired\":true,\"valueName\":\"search_term_string\"}}],\"inLanguage\":\"es-CO\"},{\"@type\":\"Organization\",\"@id\":\"https:\/\/www.sai-open.com\/nueva\/#organization\",\"name\":\"GRUPO SAI S.A.S\",\"url\":\"https:\/\/www.sai-open.com\/nueva\/\",\"logo\":{\"@type\":\"ImageObject\",\"inLanguage\":\"es-CO\",\"@id\":\"https:\/\/www.sai-open.com\/nueva\/#\/schema\/logo\/image\/\",\"url\":\"https:\/\/www.sai-open.com\/nueva\/wp-content\/uploads\/2023\/11\/Sai-Open-1.png\",\"contentUrl\":\"https:\/\/www.sai-open.com\/nueva\/wp-content\/uploads\/2023\/11\/Sai-Open-1.png\",\"width\":230,\"height\":52,\"caption\":\"GRUPO SAI S.A.S\"},\"image\":{\"@id\":\"https:\/\/www.sai-open.com\/nueva\/#\/schema\/logo\/image\/\"}}]}<\/script>\n<!-- \/ Yoast SEO plugin. -->","yoast_head_json":{"title":"Log\u00edstica - GRUPO SAI S.A.S","robots":{"index":"index","follow":"follow","max-snippet":"max-snippet:-1","max-image-preview":"max-image-preview:large","max-video-preview":"max-video-preview:-1"},"canonical":"https:\/\/www.sai-open.com\/nueva\/logistica\/","og_locale":"es_ES","og_type":"article","og_title":"Log\u00edstica - GRUPO SAI S.A.S","og_description":"Log\u00edstica Este m\u00f3dulo en la nube brinda una soluci\u00f3n efectiva a procesos de recepci\u00f3n de productos, marcaci\u00f3n, alistamiento e Inventarios f\u00edsicos de productos en el Centro de distribuci\u00f3n y bodegas. A partir de la integraci\u00f3n con SaiOpen permite la generaci\u00f3n nativa de todas las simbolog\u00edas disponibles de c\u00f3digo de barras tanto lineales como bidimensionales. Simbolog\u00edas [&hellip;]","og_url":"https:\/\/www.sai-open.com\/nueva\/logistica\/","og_site_name":"GRUPO SAI S.A.S","article_modified_time":"2023-11-30T16:46:00+00:00","twitter_card":"summary_large_image","twitter_misc":{"Tiempo de lectura":"1 minuto"},"schema":{"@context":"https:\/\/schema.org","@graph":[{"@type":"WebPage","@id":"https:\/\/www.sai-open.com\/nueva\/logistica\/","url":"https:\/\/www.sai-open.com\/nueva\/logistica\/","name":"Log\u00edstica - GRUPO SAI S.A.S","isPartOf":{"@id":"https:\/\/www.sai-open.com\/nueva\/#website"},"datePublished":"2023-11-30T16:11:47+00:00","dateModified":"2023-11-30T16:46:00+00:00","breadcrumb":{"@id":"https:\/\/www.sai-open.com\/nueva\/logistica\/#breadcrumb"},"inLanguage":"es-CO","potentialAction":[{"@type":"ReadAction","target":["https:\/\/www.sai-open.com\/nueva\/logistica\/"]}]},{"@type":"BreadcrumbList","@id":"https:\/\/www.sai-open.com\/nueva\/logistica\/#breadcrumb","itemListElement":[{"@type":"ListItem","position":1,"name":"Inicio","item":"https:\/\/www.sai-open.com\/nueva\/"},{"@type":"ListItem","position":2,"name":"Log\u00edstica"}]},{"@type":"WebSite","@id":"https:\/\/www.sai-open.com\/nueva\/#website","url":"https:\/\/www.sai-open.com\/nueva\/","name":"GRUPO SAI S.A.S","description":"Sistema administrativo inteligente","publisher":{"@id":"https:\/\/www.sai-open.com\/nueva\/#organization"},"potentialAction":[{"@type":"SearchAction","target":{"@type":"EntryPoint","urlTemplate":"https:\/\/www.sai-open.com\/nueva\/?s={search_term_string}"},"query-input":{"@type":"PropertyValueSpecification","valueRequired":true,"valueName":"search_term_string"}}],"inLanguage":"es-CO"},{"@type":"Organization","@id":"https:\/\/www.sai-open.com\/nueva\/#organization","name":"GRUPO SAI S.A.S","url":"https:\/\/www.sai-open.com\/nueva\/","logo":{"@type":"ImageObject","inLanguage":"es-CO","@id":"https:\/\/www.sai-open.com\/nueva\/#\/schema\/logo\/image\/","url":"https:\/\/www.sai-open.com\/nueva\/wp-content\/uploads\/2023\/11\/Sai-Open-1.png","contentUrl":"https:\/\/www.sai-open.com\/nueva\/wp-content\/uploads\/2023\/11\/Sai-Open-1.png","width":230,"height":52,"caption":"GRUPO SAI S.A.S"},"image":{"@id":"https:\/\/www.sai-open.com\/nueva\/#\/schema\/logo\/image\/"}}]}},"_links":{"self":[{"href":"https:\/\/www.sai-open.com\/nueva\/wp-json\/wp\/v2\/pages\/6249","targetHints":{"allow":["GET"]}}],"collection":[{"href":"https:\/\/www.sai-open.com\/nueva\/wp-json\/wp\/v2\/pages"}],"about":[{"href":"https:\/\/www.sai-open.com\/nueva\/wp-json\/wp\/v2\/types\/page"}],"author":[{"embeddable":true,"href":"https:\/\/www.sai-open.com\/nueva\/wp-json\/wp\/v2\/users\/1"}],"replies":[{"embeddable":true,"href":"https:\/\/www.sai-open.com\/nueva\/wp-json\/wp\/v2\/comments?post=6249"}],"version-history":[{"count":40,"href":"https:\/\/www.sai-open.com\/nueva\/wp-json\/wp\/v2\/pages\/6249\/revisions"}],"predecessor-version":[{"id":6290,"href":"https:\/\/www.sai-open.com\/nueva\/wp-json\/wp\/v2\/pages\/6249\/revisions\/6290"}],"wp:attachment":[{"href":"https:\/\/www.sai-open.com\/nueva\/wp-json\/wp\/v2\/media?parent=6249"}],"curies":[{"name":"wp","href":"https:\/\/api.w.org\/{rel}","templated":true}]}}