{"id":6105,"date":"2023-11-30T07:25:08","date_gmt":"2023-11-30T12:25:08","guid":{"rendered":"https:\/\/www.sai-open.com\/nueva\/?page_id=6105"},"modified":"2024-08-09T11:55:05","modified_gmt":"2024-08-09T16:55:05","slug":"desarrollo-de-software-a-la-medida","status":"publish","type":"page","link":"https:\/\/www.sai-open.com\/nueva\/desarrollo-de-software-a-la-medida\/","title":{"rendered":"Desarrollo de Software a la Medida"},"content":{"rendered":"\t\t<div data-elementor-type=\"wp-page\" data-elementor-id=\"6105\" class=\"elementor elementor-6105\">\n\t\t\t\t<div class=\"elementor-element elementor-element-2a04900 e-flex e-con-boxed e-con e-parent\" data-id=\"2a04900\" data-element_type=\"container\">\n\t\t\t\t\t<div class=\"e-con-inner\">\n\t\t\t\t<div class=\"elementor-element elementor-element-ba39302 elementor-invisible elementor-widget elementor-widget-heading\" data-id=\"ba39302\" data-element_type=\"widget\" data-settings=\"{&quot;_animation&quot;:&quot;fadeInDown&quot;}\" data-widget_type=\"heading.default\">\n\t\t\t\t<div class=\"elementor-widget-container\">\n\t\t\t\t\t<h2 class=\"elementor-heading-title elementor-size-default\">Desarrollo de Software a la Medida<\/h2>\t\t\t\t<\/div>\n\t\t\t\t<\/div>\n\t\t\t\t<div class=\"elementor-element elementor-element-92f6b8e elementor-invisible elementor-widget elementor-widget-heading\" data-id=\"92f6b8e\" data-element_type=\"widget\" data-settings=\"{&quot;_animation&quot;:&quot;fadeInLeft&quot;}\" data-widget_type=\"heading.default\">\n\t\t\t\t<div class=\"elementor-widget-container\">\n\t\t\t\t\t<h2 class=\"elementor-heading-title elementor-size-default\">Nos adaptamos a las necesidades espec\u00edficas de su empresa.<\/h2>\t\t\t\t<\/div>\n\t\t\t\t<\/div>\n\t\t\t\t\t<\/div>\n\t\t\t\t<\/div>\n\t\t<div class=\"elementor-element elementor-element-1dd2b07 e-flex e-con-boxed e-con e-parent\" data-id=\"1dd2b07\" data-element_type=\"container\">\n\t\t\t\t\t<div class=\"e-con-inner\">\n\t\t<div class=\"elementor-element elementor-element-9191270 e-con-full e-flex e-con e-child\" data-id=\"9191270\" data-element_type=\"container\">\n\t\t\t\t<div class=\"elementor-element elementor-element-8eb7aff elementor-invisible elementor-widget elementor-widget-text-editor\" data-id=\"8eb7aff\" data-element_type=\"widget\" data-settings=\"{&quot;_animation&quot;:&quot;fadeInUp&quot;}\" data-widget_type=\"text-editor.default\">\n\t\t\t\t<div class=\"elementor-widget-container\">\n\t\t\t\t\t\t\t\t\t<br\/>\n<span>Ponemos a su disposici\u00f3n toda la experticia de nuestro equipo en la planeaci\u00f3n, dise\u00f1o, desarrollo, puesta en marcha y mantenimiento de soluciones de software empresarial a la medida de la necesidad del proyecto. Todo esto utilizando las mejores pr\u00e1cticas del mercado y la mayor valoraci\u00f3n de la industria en desarrollo de software a la medida CMMI Nivel 5.\n<br\/>\n<br\/>\nEstos desarrollos, pueden ser complementarios a los sistemas que actualmente manejamos, o completamente independientes.<\/\/span>\t\t\t\t\t\t\t\t<\/div>\n\t\t\t\t<\/div>\n\t\t\t\t<\/div>\n\t\t<div class=\"elementor-element elementor-element-d17f88b e-con-full e-flex e-con e-child\" data-id=\"d17f88b\" data-element_type=\"container\">\n\t\t\t\t<div class=\"elementor-element elementor-element-64f7af6 elementor-invisible elementor-widget elementor-widget-image\" data-id=\"64f7af6\" data-element_type=\"widget\" data-settings=\"{&quot;_animation&quot;:&quot;fadeInRight&quot;}\" data-widget_type=\"image.default\">\n\t\t\t\t<div class=\"elementor-widget-container\">\n\t\t\t\t\t\t\t\t\t\t\t\t\t\t\t<img fetchpriority=\"high\" decoding=\"async\" width=\"525\" height=\"380\" src=\"https:\/\/www.sai-open.com\/nueva\/wp-content\/uploads\/2024\/08\/Web-Contabilidad.png\" class=\"attachment-large size-large wp-image-6515\" alt=\"\" srcset=\"https:\/\/www.sai-open.com\/nueva\/wp-content\/uploads\/2024\/08\/Web-Contabilidad.png 525w, https:\/\/www.sai-open.com\/nueva\/wp-content\/uploads\/2024\/08\/Web-Contabilidad-300x217.png 300w\" sizes=\"(max-width: 525px) 100vw, 525px\" \/>\t\t\t\t\t\t\t\t\t\t\t\t\t\t\t<\/div>\n\t\t\t\t<\/div>\n\t\t\t\t<\/div>\n\t\t\t\t\t<\/div>\n\t\t\t\t<\/div>\n\t\t\t\t<\/div>\n\t\t","protected":false},"excerpt":{"rendered":"<p>Desarrollo de Software a la Medida Nos adaptamos a las necesidades espec\u00edficas de su empresa. Ponemos a su disposici\u00f3n toda la experticia de nuestro equipo en la planeaci\u00f3n, dise\u00f1o, desarrollo, puesta en marcha y mantenimiento de soluciones de software empresarial a la medida de la necesidad del proyecto. Todo esto utilizando las mejores pr\u00e1cticas del [&hellip;]<\/p>\n","protected":false},"author":1,"featured_media":0,"parent":0,"menu_order":0,"comment_status":"closed","ping_status":"closed","template":"","meta":{"footnotes":""},"class_list":["post-6105","page","type-page","status-publish","hentry"],"yoast_head":"<!-- This site is optimized with the Yoast SEO plugin v25.7 - https:\/\/yoast.com\/wordpress\/plugins\/seo\/ -->\n<title>Desarrollo de Software a la Medida - GRUPO SAI S.A.S<\/title>\n<meta name=\"robots\" content=\"index, follow, max-snippet:-1, max-image-preview:large, max-video-preview:-1\" \/>\n<link rel=\"canonical\" href=\"https:\/\/www.sai-open.com\/nueva\/desarrollo-de-software-a-la-medida\/\" \/>\n<meta property=\"og:locale\" content=\"es_ES\" \/>\n<meta property=\"og:type\" content=\"article\" \/>\n<meta property=\"og:title\" content=\"Desarrollo de Software a la Medida - GRUPO SAI S.A.S\" \/>\n<meta property=\"og:description\" content=\"Desarrollo de Software a la Medida Nos adaptamos a las necesidades espec\u00edficas de su empresa. Ponemos a su disposici\u00f3n toda la experticia de nuestro equipo en la planeaci\u00f3n, dise\u00f1o, desarrollo, puesta en marcha y mantenimiento de soluciones de software empresarial a la medida de la necesidad del proyecto. Todo esto utilizando las mejores pr\u00e1cticas del [&hellip;]\" \/>\n<meta property=\"og:url\" content=\"https:\/\/www.sai-open.com\/nueva\/desarrollo-de-software-a-la-medida\/\" \/>\n<meta property=\"og:site_name\" content=\"GRUPO SAI S.A.S\" \/>\n<meta property=\"article:modified_time\" content=\"2024-08-09T16:55:05+00:00\" \/>\n<meta property=\"og:image\" content=\"https:\/\/www.sai-open.com\/nueva\/wp-content\/uploads\/2024\/08\/Web-Contabilidad.png\" \/>\n<meta name=\"twitter:card\" content=\"summary_large_image\" \/>\n<script type=\"application\/ld+json\" class=\"yoast-schema-graph\">{\"@context\":\"https:\/\/schema.org\",\"@graph\":[{\"@type\":\"WebPage\",\"@id\":\"https:\/\/www.sai-open.com\/nueva\/desarrollo-de-software-a-la-medida\/\",\"url\":\"https:\/\/www.sai-open.com\/nueva\/desarrollo-de-software-a-la-medida\/\",\"name\":\"Desarrollo de Software a la Medida - GRUPO SAI S.A.S\",\"isPartOf\":{\"@id\":\"https:\/\/www.sai-open.com\/nueva\/#website\"},\"primaryImageOfPage\":{\"@id\":\"https:\/\/www.sai-open.com\/nueva\/desarrollo-de-software-a-la-medida\/#primaryimage\"},\"image\":{\"@id\":\"https:\/\/www.sai-open.com\/nueva\/desarrollo-de-software-a-la-medida\/#primaryimage\"},\"thumbnailUrl\":\"https:\/\/www.sai-open.com\/nueva\/wp-content\/uploads\/2024\/08\/Web-Contabilidad.png\",\"datePublished\":\"2023-11-30T12:25:08+00:00\",\"dateModified\":\"2024-08-09T16:55:05+00:00\",\"breadcrumb\":{\"@id\":\"https:\/\/www.sai-open.com\/nueva\/desarrollo-de-software-a-la-medida\/#breadcrumb\"},\"inLanguage\":\"es-CO\",\"potentialAction\":[{\"@type\":\"ReadAction\",\"target\":[\"https:\/\/www.sai-open.com\/nueva\/desarrollo-de-software-a-la-medida\/\"]}]},{\"@type\":\"ImageObject\",\"inLanguage\":\"es-CO\",\"@id\":\"https:\/\/www.sai-open.com\/nueva\/desarrollo-de-software-a-la-medida\/#primaryimage\",\"url\":\"https:\/\/www.sai-open.com\/nueva\/wp-content\/uploads\/2024\/08\/Web-Contabilidad.png\",\"contentUrl\":\"https:\/\/www.sai-open.com\/nueva\/wp-content\/uploads\/2024\/08\/Web-Contabilidad.png\",\"width\":525,\"height\":380},{\"@type\":\"BreadcrumbList\",\"@id\":\"https:\/\/www.sai-open.com\/nueva\/desarrollo-de-software-a-la-medida\/#breadcrumb\",\"itemListElement\":[{\"@type\":\"ListItem\",\"position\":1,\"name\":\"Inicio\",\"item\":\"https:\/\/www.sai-open.com\/nueva\/\"},{\"@type\":\"ListItem\",\"position\":2,\"name\":\"Desarrollo de Software a la Medida\"}]},{\"@type\":\"WebSite\",\"@id\":\"https:\/\/www.sai-open.com\/nueva\/#website\",\"url\":\"https:\/\/www.sai-open.com\/nueva\/\",\"name\":\"GRUPO SAI S.A.S\",\"description\":\"Sistema administrativo inteligente\",\"publisher\":{\"@id\":\"https:\/\/www.sai-open.com\/nueva\/#organization\"},\"potentialAction\":[{\"@type\":\"SearchAction\",\"target\":{\"@type\":\"EntryPoint\",\"urlTemplate\":\"https:\/\/www.sai-open.com\/nueva\/?s={search_term_string}\"},\"query-input\":{\"@type\":\"PropertyValueSpecification\",\"valueRequired\":true,\"valueName\":\"search_term_string\"}}],\"inLanguage\":\"es-CO\"},{\"@type\":\"Organization\",\"@id\":\"https:\/\/www.sai-open.com\/nueva\/#organization\",\"name\":\"GRUPO SAI S.A.S\",\"url\":\"https:\/\/www.sai-open.com\/nueva\/\",\"logo\":{\"@type\":\"ImageObject\",\"inLanguage\":\"es-CO\",\"@id\":\"https:\/\/www.sai-open.com\/nueva\/#\/schema\/logo\/image\/\",\"url\":\"https:\/\/www.sai-open.com\/nueva\/wp-content\/uploads\/2023\/11\/Sai-Open-1.png\",\"contentUrl\":\"https:\/\/www.sai-open.com\/nueva\/wp-content\/uploads\/2023\/11\/Sai-Open-1.png\",\"width\":230,\"height\":52,\"caption\":\"GRUPO SAI S.A.S\"},\"image\":{\"@id\":\"https:\/\/www.sai-open.com\/nueva\/#\/schema\/logo\/image\/\"}}]}<\/script>\n<!-- \/ Yoast SEO plugin. -->","yoast_head_json":{"title":"Desarrollo de Software a la Medida - GRUPO SAI S.A.S","robots":{"index":"index","follow":"follow","max-snippet":"max-snippet:-1","max-image-preview":"max-image-preview:large","max-video-preview":"max-video-preview:-1"},"canonical":"https:\/\/www.sai-open.com\/nueva\/desarrollo-de-software-a-la-medida\/","og_locale":"es_ES","og_type":"article","og_title":"Desarrollo de Software a la Medida - GRUPO SAI S.A.S","og_description":"Desarrollo de Software a la Medida Nos adaptamos a las necesidades espec\u00edficas de su empresa. Ponemos a su disposici\u00f3n toda la experticia de nuestro equipo en la planeaci\u00f3n, dise\u00f1o, desarrollo, puesta en marcha y mantenimiento de soluciones de software empresarial a la medida de la necesidad del proyecto. Todo esto utilizando las mejores pr\u00e1cticas del [&hellip;]","og_url":"https:\/\/www.sai-open.com\/nueva\/desarrollo-de-software-a-la-medida\/","og_site_name":"GRUPO SAI S.A.S","article_modified_time":"2024-08-09T16:55:05+00:00","og_image":[{"url":"https:\/\/www.sai-open.com\/nueva\/wp-content\/uploads\/2024\/08\/Web-Contabilidad.png","type":"","width":"","height":""}],"twitter_card":"summary_large_image","schema":{"@context":"https:\/\/schema.org","@graph":[{"@type":"WebPage","@id":"https:\/\/www.sai-open.com\/nueva\/desarrollo-de-software-a-la-medida\/","url":"https:\/\/www.sai-open.com\/nueva\/desarrollo-de-software-a-la-medida\/","name":"Desarrollo de Software a la Medida - GRUPO SAI S.A.S","isPartOf":{"@id":"https:\/\/www.sai-open.com\/nueva\/#website"},"primaryImageOfPage":{"@id":"https:\/\/www.sai-open.com\/nueva\/desarrollo-de-software-a-la-medida\/#primaryimage"},"image":{"@id":"https:\/\/www.sai-open.com\/nueva\/desarrollo-de-software-a-la-medida\/#primaryimage"},"thumbnailUrl":"https:\/\/www.sai-open.com\/nueva\/wp-content\/uploads\/2024\/08\/Web-Contabilidad.png","datePublished":"2023-11-30T12:25:08+00:00","dateModified":"2024-08-09T16:55:05+00:00","breadcrumb":{"@id":"https:\/\/www.sai-open.com\/nueva\/desarrollo-de-software-a-la-medida\/#breadcrumb"},"inLanguage":"es-CO","potentialAction":[{"@type":"ReadAction","target":["https:\/\/www.sai-open.com\/nueva\/desarrollo-de-software-a-la-medida\/"]}]},{"@type":"ImageObject","inLanguage":"es-CO","@id":"https:\/\/www.sai-open.com\/nueva\/desarrollo-de-software-a-la-medida\/#primaryimage","url":"https:\/\/www.sai-open.com\/nueva\/wp-content\/uploads\/2024\/08\/Web-Contabilidad.png","contentUrl":"https:\/\/www.sai-open.com\/nueva\/wp-content\/uploads\/2024\/08\/Web-Contabilidad.png","width":525,"height":380},{"@type":"BreadcrumbList","@id":"https:\/\/www.sai-open.com\/nueva\/desarrollo-de-software-a-la-medida\/#breadcrumb","itemListElement":[{"@type":"ListItem","position":1,"name":"Inicio","item":"https:\/\/www.sai-open.com\/nueva\/"},{"@type":"ListItem","position":2,"name":"Desarrollo de Software a la Medida"}]},{"@type":"WebSite","@id":"https:\/\/www.sai-open.com\/nueva\/#website","url":"https:\/\/www.sai-open.com\/nueva\/","name":"GRUPO SAI S.A.S","description":"Sistema administrativo inteligente","publisher":{"@id":"https:\/\/www.sai-open.com\/nueva\/#organization"},"potentialAction":[{"@type":"SearchAction","target":{"@type":"EntryPoint","urlTemplate":"https:\/\/www.sai-open.com\/nueva\/?s={search_term_string}"},"query-input":{"@type":"PropertyValueSpecification","valueRequired":true,"valueName":"search_term_string"}}],"inLanguage":"es-CO"},{"@type":"Organization","@id":"https:\/\/www.sai-open.com\/nueva\/#organization","name":"GRUPO SAI S.A.S","url":"https:\/\/www.sai-open.com\/nueva\/","logo":{"@type":"ImageObject","inLanguage":"es-CO","@id":"https:\/\/www.sai-open.com\/nueva\/#\/schema\/logo\/image\/","url":"https:\/\/www.sai-open.com\/nueva\/wp-content\/uploads\/2023\/11\/Sai-Open-1.png","contentUrl":"https:\/\/www.sai-open.com\/nueva\/wp-content\/uploads\/2023\/11\/Sai-Open-1.png","width":230,"height":52,"caption":"GRUPO SAI S.A.S"},"image":{"@id":"https:\/\/www.sai-open.com\/nueva\/#\/schema\/logo\/image\/"}}]}},"_links":{"self":[{"href":"https:\/\/www.sai-open.com\/nueva\/wp-json\/wp\/v2\/pages\/6105","targetHints":{"allow":["GET"]}}],"collection":[{"href":"https:\/\/www.sai-open.com\/nueva\/wp-json\/wp\/v2\/pages"}],"about":[{"href":"https:\/\/www.sai-open.com\/nueva\/wp-json\/wp\/v2\/types\/page"}],"author":[{"embeddable":true,"href":"https:\/\/www.sai-open.com\/nueva\/wp-json\/wp\/v2\/users\/1"}],"replies":[{"embeddable":true,"href":"https:\/\/www.sai-open.com\/nueva\/wp-json\/wp\/v2\/comments?post=6105"}],"version-history":[{"count":19,"href":"https:\/\/www.sai-open.com\/nueva\/wp-json\/wp\/v2\/pages\/6105\/revisions"}],"predecessor-version":[{"id":6529,"href":"https:\/\/www.sai-open.com\/nueva\/wp-json\/wp\/v2\/pages\/6105\/revisions\/6529"}],"wp:attachment":[{"href":"https:\/\/www.sai-open.com\/nueva\/wp-json\/wp\/v2\/media?parent=6105"}],"curies":[{"name":"wp","href":"https:\/\/api.w.org\/{rel}","templated":true}]}}