{"id":6085,"date":"2023-11-29T15:41:09","date_gmt":"2023-11-29T20:41:09","guid":{"rendered":"https:\/\/www.sai-open.com\/nueva\/?page_id=6085"},"modified":"2024-08-09T11:46:39","modified_gmt":"2024-08-09T16:46:39","slug":"b-i-business-intelligence","status":"publish","type":"page","link":"https:\/\/www.sai-open.com\/nueva\/b-i-business-intelligence\/","title":{"rendered":"B.I. Business Intelligence"},"content":{"rendered":"\t\t<div data-elementor-type=\"wp-page\" data-elementor-id=\"6085\" class=\"elementor elementor-6085\">\n\t\t\t\t<div class=\"elementor-element elementor-element-0409889 e-flex e-con-boxed e-con e-parent\" data-id=\"0409889\" data-element_type=\"container\">\n\t\t\t\t\t<div class=\"e-con-inner\">\n\t\t\t\t<div class=\"elementor-element elementor-element-ab36b7e elementor-invisible elementor-widget elementor-widget-heading\" data-id=\"ab36b7e\" data-element_type=\"widget\" data-settings=\"{&quot;_animation&quot;:&quot;fadeInDown&quot;}\" data-widget_type=\"heading.default\">\n\t\t\t\t<div class=\"elementor-widget-container\">\n\t\t\t\t\t<h2 class=\"elementor-heading-title elementor-size-default\">B.I. Business Intelligence<\/h2>\t\t\t\t<\/div>\n\t\t\t\t<\/div>\n\t\t\t\t<div class=\"elementor-element elementor-element-c14c90a elementor-invisible elementor-widget elementor-widget-heading\" data-id=\"c14c90a\" data-element_type=\"widget\" data-settings=\"{&quot;_animation&quot;:&quot;fadeInUp&quot;}\" data-widget_type=\"heading.default\">\n\t\t\t\t<div class=\"elementor-widget-container\">\n\t\t\t\t\t<h2 class=\"elementor-heading-title elementor-size-default\">La confiabilidad no es un lujo, es una necesidad. Sai Open le brinda datos confiables y precisos.<\/h2>\t\t\t\t<\/div>\n\t\t\t\t<\/div>\n\t\t\t\t\t<\/div>\n\t\t\t\t<\/div>\n\t\t<div class=\"elementor-element elementor-element-103e4fd e-flex e-con-boxed e-con e-parent\" data-id=\"103e4fd\" data-element_type=\"container\">\n\t\t\t\t\t<div class=\"e-con-inner\">\n\t\t<div class=\"elementor-element elementor-element-444b1ad e-flex e-con-boxed e-con e-child\" data-id=\"444b1ad\" data-element_type=\"container\">\n\t\t\t\t\t<div class=\"e-con-inner\">\n\t\t<div class=\"elementor-element elementor-element-1faa22c e-con-full e-flex e-con e-child\" data-id=\"1faa22c\" data-element_type=\"container\">\n\t\t\t\t<div class=\"elementor-element elementor-element-10d62c9 elementor-align-left elementor-icon-list--layout-traditional elementor-list-item-link-full_width elementor-invisible elementor-widget elementor-widget-icon-list\" data-id=\"10d62c9\" data-element_type=\"widget\" data-settings=\"{&quot;_animation&quot;:&quot;fadeInLeft&quot;}\" data-widget_type=\"icon-list.default\">\n\t\t\t\t<div class=\"elementor-widget-container\">\n\t\t\t\t\t\t\t<ul class=\"elementor-icon-list-items\">\n\t\t\t\t\t\t\t<li class=\"elementor-icon-list-item\">\n\t\t\t\t\t\t\t\t\t\t\t<span class=\"elementor-icon-list-icon\">\n\t\t\t\t\t\t\t<svg aria-hidden=\"true\" class=\"e-font-icon-svg e-fas-check\" viewBox=\"0 0 512 512\" xmlns=\"http:\/\/www.w3.org\/2000\/svg\"><path d=\"M173.898 439.404l-166.4-166.4c-9.997-9.997-9.997-26.206 0-36.204l36.203-36.204c9.997-9.998 26.207-9.998 36.204 0L192 312.69 432.095 72.596c9.997-9.997 26.207-9.997 36.204 0l36.203 36.204c9.997 9.997 9.997 26.206 0 36.204l-294.4 294.401c-9.998 9.997-26.207 9.997-36.204-.001z\"><\/path><\/svg>\t\t\t\t\t\t<\/span>\n\t\t\t\t\t\t\t\t\t\t<span class=\"elementor-icon-list-text\"><strong style=\"font-size:18px\">Optimizaci\u00f3n de Decisiones Estrat\u00e9gicas: <\/strong> Al convertir datos en informaci\u00f3n valiosa, facilita la distribuci\u00f3n de esta informaci\u00f3n de manera r\u00e1pida y segura, reduciendo los riesgos asociados con la toma de decisiones y proporcionando una ventaja competitiva al anticiparse a las necesidades del cliente.<\/span>\n\t\t\t\t\t\t\t\t\t<\/li>\n\t\t\t\t\t\t\t\t<li class=\"elementor-icon-list-item\">\n\t\t\t\t\t\t\t\t\t\t\t<span class=\"elementor-icon-list-icon\">\n\t\t\t\t\t\t\t<svg aria-hidden=\"true\" class=\"e-font-icon-svg e-fas-check\" viewBox=\"0 0 512 512\" xmlns=\"http:\/\/www.w3.org\/2000\/svg\"><path d=\"M173.898 439.404l-166.4-166.4c-9.997-9.997-9.997-26.206 0-36.204l36.203-36.204c9.997-9.998 26.207-9.998 36.204 0L192 312.69 432.095 72.596c9.997-9.997 26.207-9.997 36.204 0l36.203 36.204c9.997 9.997 9.997 26.206 0 36.204l-294.4 294.401c-9.998 9.997-26.207 9.997-36.204-.001z\"><\/path><\/svg>\t\t\t\t\t\t<\/span>\n\t\t\t\t\t\t\t\t\t\t<span class=\"elementor-icon-list-text\"><strong style=\"font-size:18px\">Transformaci\u00f3n de Datos en Valor Agregado: <\/strong>La implementaci\u00f3n de proyectos de Business Intelligence con Sai Open no solo convierte datos en informaci\u00f3n utilizable, sino que tambi\u00e9n agrega valor a la organizaci\u00f3n. Proporciona soluciones tecnol\u00f3gicas que maximizan la rentabilidad y disminuyen los riesgos, permitiendo a las empresas anticiparse a las tendencias del mercado y mejorar su eficiencia operativa.<\/span>\n\t\t\t\t\t\t\t\t\t<\/li>\n\t\t\t\t\t\t\t\t<li class=\"elementor-icon-list-item\">\n\t\t\t\t\t\t\t\t\t\t\t<span class=\"elementor-icon-list-icon\">\n\t\t\t\t\t\t\t<svg aria-hidden=\"true\" class=\"e-font-icon-svg e-fas-check\" viewBox=\"0 0 512 512\" xmlns=\"http:\/\/www.w3.org\/2000\/svg\"><path d=\"M173.898 439.404l-166.4-166.4c-9.997-9.997-9.997-26.206 0-36.204l36.203-36.204c9.997-9.998 26.207-9.998 36.204 0L192 312.69 432.095 72.596c9.997-9.997 26.207-9.997 36.204 0l36.203 36.204c9.997 9.997 9.997 26.206 0 36.204l-294.4 294.401c-9.998 9.997-26.207 9.997-36.204-.001z\"><\/path><\/svg>\t\t\t\t\t\t<\/span>\n\t\t\t\t\t\t\t\t\t\t<span class=\"elementor-icon-list-text\"><strong style=\"font-size:18px\">SAI REPORT: Generador de Reportes:  <\/strong> Con procedimientos simples y sin necesidad de conocimientos especializados, los usuarios pueden obtener f\u00e1cilmente an\u00e1lisis y reportes ilimitados en tiempo real. Las \u00e1reas incluyen contabilidad, administraci\u00f3n, cuentas por cobrar, cuentas por pagar, inventarios, compras, n\u00f3mina, recursos humanos, auditor\u00eda, an\u00e1lisis fiscal, comercial y financiero, exportables autom\u00e1ticamente a Excel.<\/span>\n\t\t\t\t\t\t\t\t\t<\/li>\n\t\t\t\t\t\t<\/ul>\n\t\t\t\t\t\t<\/div>\n\t\t\t\t<\/div>\n\t\t\t\t<\/div>\n\t\t<div class=\"elementor-element elementor-element-03c1481 e-con-full e-flex e-con e-child\" data-id=\"03c1481\" data-element_type=\"container\">\n\t\t\t\t<div class=\"elementor-element elementor-element-296de2d elementor-widget elementor-widget-spacer\" data-id=\"296de2d\" data-element_type=\"widget\" data-widget_type=\"spacer.default\">\n\t\t\t\t<div class=\"elementor-widget-container\">\n\t\t\t\t\t\t\t<div class=\"elementor-spacer\">\n\t\t\t<div class=\"elementor-spacer-inner\"><\/div>\n\t\t<\/div>\n\t\t\t\t\t\t<\/div>\n\t\t\t\t<\/div>\n\t\t\t\t<div class=\"elementor-element elementor-element-da63bd9 elementor-invisible elementor-widget elementor-widget-image\" data-id=\"da63bd9\" data-element_type=\"widget\" data-settings=\"{&quot;_animation&quot;:&quot;fadeInUp&quot;}\" data-widget_type=\"image.default\">\n\t\t\t\t<div class=\"elementor-widget-container\">\n\t\t\t\t\t\t\t\t\t\t\t\t\t\t\t<img fetchpriority=\"high\" decoding=\"async\" width=\"525\" height=\"380\" src=\"https:\/\/www.sai-open.com\/nueva\/wp-content\/uploads\/2024\/08\/Web-BI.png\" class=\"attachment-full size-full wp-image-6501\" alt=\"\" srcset=\"https:\/\/www.sai-open.com\/nueva\/wp-content\/uploads\/2024\/08\/Web-BI.png 525w, https:\/\/www.sai-open.com\/nueva\/wp-content\/uploads\/2024\/08\/Web-BI-300x217.png 300w\" sizes=\"(max-width: 525px) 100vw, 525px\" \/>\t\t\t\t\t\t\t\t\t\t\t\t\t\t\t<\/div>\n\t\t\t\t<\/div>\n\t\t\t\t<\/div>\n\t\t\t\t\t<\/div>\n\t\t\t\t<\/div>\n\t\t\t\t\t<\/div>\n\t\t\t\t<\/div>\n\t\t\t\t<\/div>\n\t\t","protected":false},"excerpt":{"rendered":"<p>B.I. Business Intelligence La confiabilidad no es un lujo, es una necesidad. Sai Open le brinda datos confiables y precisos. Optimizaci\u00f3n de Decisiones Estrat\u00e9gicas: Al convertir datos en informaci\u00f3n valiosa, facilita la distribuci\u00f3n de esta informaci\u00f3n de manera r\u00e1pida y segura, reduciendo los riesgos asociados con la toma de decisiones y proporcionando una ventaja competitiva [&hellip;]<\/p>\n","protected":false},"author":1,"featured_media":0,"parent":0,"menu_order":0,"comment_status":"closed","ping_status":"closed","template":"","meta":{"footnotes":""},"class_list":["post-6085","page","type-page","status-publish","hentry"],"yoast_head":"<!-- This site is optimized with the Yoast SEO plugin v25.7 - https:\/\/yoast.com\/wordpress\/plugins\/seo\/ -->\n<title>B.I. Business Intelligence - GRUPO SAI S.A.S<\/title>\n<meta name=\"robots\" content=\"index, follow, max-snippet:-1, max-image-preview:large, max-video-preview:-1\" \/>\n<link rel=\"canonical\" href=\"https:\/\/www.sai-open.com\/nueva\/b-i-business-intelligence\/\" \/>\n<meta property=\"og:locale\" content=\"es_ES\" \/>\n<meta property=\"og:type\" content=\"article\" \/>\n<meta property=\"og:title\" content=\"B.I. Business Intelligence - GRUPO SAI S.A.S\" \/>\n<meta property=\"og:description\" content=\"B.I. Business Intelligence La confiabilidad no es un lujo, es una necesidad. Sai Open le brinda datos confiables y precisos. Optimizaci\u00f3n de Decisiones Estrat\u00e9gicas: Al convertir datos en informaci\u00f3n valiosa, facilita la distribuci\u00f3n de esta informaci\u00f3n de manera r\u00e1pida y segura, reduciendo los riesgos asociados con la toma de decisiones y proporcionando una ventaja competitiva [&hellip;]\" \/>\n<meta property=\"og:url\" content=\"https:\/\/www.sai-open.com\/nueva\/b-i-business-intelligence\/\" \/>\n<meta property=\"og:site_name\" content=\"GRUPO SAI S.A.S\" \/>\n<meta property=\"article:modified_time\" content=\"2024-08-09T16:46:39+00:00\" \/>\n<meta property=\"og:image\" content=\"https:\/\/www.sai-open.com\/nueva\/wp-content\/uploads\/2024\/08\/Web-BI.png\" \/>\n<meta name=\"twitter:card\" content=\"summary_large_image\" \/>\n<meta name=\"twitter:label1\" content=\"Tiempo de lectura\" \/>\n\t<meta name=\"twitter:data1\" content=\"1 minuto\" \/>\n<script type=\"application\/ld+json\" class=\"yoast-schema-graph\">{\"@context\":\"https:\/\/schema.org\",\"@graph\":[{\"@type\":\"WebPage\",\"@id\":\"https:\/\/www.sai-open.com\/nueva\/b-i-business-intelligence\/\",\"url\":\"https:\/\/www.sai-open.com\/nueva\/b-i-business-intelligence\/\",\"name\":\"B.I. Business Intelligence - GRUPO SAI S.A.S\",\"isPartOf\":{\"@id\":\"https:\/\/www.sai-open.com\/nueva\/#website\"},\"primaryImageOfPage\":{\"@id\":\"https:\/\/www.sai-open.com\/nueva\/b-i-business-intelligence\/#primaryimage\"},\"image\":{\"@id\":\"https:\/\/www.sai-open.com\/nueva\/b-i-business-intelligence\/#primaryimage\"},\"thumbnailUrl\":\"https:\/\/www.sai-open.com\/nueva\/wp-content\/uploads\/2024\/08\/Web-BI.png\",\"datePublished\":\"2023-11-29T20:41:09+00:00\",\"dateModified\":\"2024-08-09T16:46:39+00:00\",\"breadcrumb\":{\"@id\":\"https:\/\/www.sai-open.com\/nueva\/b-i-business-intelligence\/#breadcrumb\"},\"inLanguage\":\"es-CO\",\"potentialAction\":[{\"@type\":\"ReadAction\",\"target\":[\"https:\/\/www.sai-open.com\/nueva\/b-i-business-intelligence\/\"]}]},{\"@type\":\"ImageObject\",\"inLanguage\":\"es-CO\",\"@id\":\"https:\/\/www.sai-open.com\/nueva\/b-i-business-intelligence\/#primaryimage\",\"url\":\"https:\/\/www.sai-open.com\/nueva\/wp-content\/uploads\/2024\/08\/Web-BI.png\",\"contentUrl\":\"https:\/\/www.sai-open.com\/nueva\/wp-content\/uploads\/2024\/08\/Web-BI.png\",\"width\":525,\"height\":380},{\"@type\":\"BreadcrumbList\",\"@id\":\"https:\/\/www.sai-open.com\/nueva\/b-i-business-intelligence\/#breadcrumb\",\"itemListElement\":[{\"@type\":\"ListItem\",\"position\":1,\"name\":\"Inicio\",\"item\":\"https:\/\/www.sai-open.com\/nueva\/\"},{\"@type\":\"ListItem\",\"position\":2,\"name\":\"B.I. Business Intelligence\"}]},{\"@type\":\"WebSite\",\"@id\":\"https:\/\/www.sai-open.com\/nueva\/#website\",\"url\":\"https:\/\/www.sai-open.com\/nueva\/\",\"name\":\"GRUPO SAI S.A.S\",\"description\":\"Sistema administrativo inteligente\",\"publisher\":{\"@id\":\"https:\/\/www.sai-open.com\/nueva\/#organization\"},\"potentialAction\":[{\"@type\":\"SearchAction\",\"target\":{\"@type\":\"EntryPoint\",\"urlTemplate\":\"https:\/\/www.sai-open.com\/nueva\/?s={search_term_string}\"},\"query-input\":{\"@type\":\"PropertyValueSpecification\",\"valueRequired\":true,\"valueName\":\"search_term_string\"}}],\"inLanguage\":\"es-CO\"},{\"@type\":\"Organization\",\"@id\":\"https:\/\/www.sai-open.com\/nueva\/#organization\",\"name\":\"GRUPO SAI S.A.S\",\"url\":\"https:\/\/www.sai-open.com\/nueva\/\",\"logo\":{\"@type\":\"ImageObject\",\"inLanguage\":\"es-CO\",\"@id\":\"https:\/\/www.sai-open.com\/nueva\/#\/schema\/logo\/image\/\",\"url\":\"https:\/\/www.sai-open.com\/nueva\/wp-content\/uploads\/2023\/11\/Sai-Open-1.png\",\"contentUrl\":\"https:\/\/www.sai-open.com\/nueva\/wp-content\/uploads\/2023\/11\/Sai-Open-1.png\",\"width\":230,\"height\":52,\"caption\":\"GRUPO SAI S.A.S\"},\"image\":{\"@id\":\"https:\/\/www.sai-open.com\/nueva\/#\/schema\/logo\/image\/\"}}]}<\/script>\n<!-- \/ Yoast SEO plugin. -->","yoast_head_json":{"title":"B.I. Business Intelligence - GRUPO SAI S.A.S","robots":{"index":"index","follow":"follow","max-snippet":"max-snippet:-1","max-image-preview":"max-image-preview:large","max-video-preview":"max-video-preview:-1"},"canonical":"https:\/\/www.sai-open.com\/nueva\/b-i-business-intelligence\/","og_locale":"es_ES","og_type":"article","og_title":"B.I. Business Intelligence - GRUPO SAI S.A.S","og_description":"B.I. Business Intelligence La confiabilidad no es un lujo, es una necesidad. Sai Open le brinda datos confiables y precisos. Optimizaci\u00f3n de Decisiones Estrat\u00e9gicas: Al convertir datos en informaci\u00f3n valiosa, facilita la distribuci\u00f3n de esta informaci\u00f3n de manera r\u00e1pida y segura, reduciendo los riesgos asociados con la toma de decisiones y proporcionando una ventaja competitiva [&hellip;]","og_url":"https:\/\/www.sai-open.com\/nueva\/b-i-business-intelligence\/","og_site_name":"GRUPO SAI S.A.S","article_modified_time":"2024-08-09T16:46:39+00:00","og_image":[{"url":"https:\/\/www.sai-open.com\/nueva\/wp-content\/uploads\/2024\/08\/Web-BI.png","type":"","width":"","height":""}],"twitter_card":"summary_large_image","twitter_misc":{"Tiempo de lectura":"1 minuto"},"schema":{"@context":"https:\/\/schema.org","@graph":[{"@type":"WebPage","@id":"https:\/\/www.sai-open.com\/nueva\/b-i-business-intelligence\/","url":"https:\/\/www.sai-open.com\/nueva\/b-i-business-intelligence\/","name":"B.I. Business Intelligence - GRUPO SAI S.A.S","isPartOf":{"@id":"https:\/\/www.sai-open.com\/nueva\/#website"},"primaryImageOfPage":{"@id":"https:\/\/www.sai-open.com\/nueva\/b-i-business-intelligence\/#primaryimage"},"image":{"@id":"https:\/\/www.sai-open.com\/nueva\/b-i-business-intelligence\/#primaryimage"},"thumbnailUrl":"https:\/\/www.sai-open.com\/nueva\/wp-content\/uploads\/2024\/08\/Web-BI.png","datePublished":"2023-11-29T20:41:09+00:00","dateModified":"2024-08-09T16:46:39+00:00","breadcrumb":{"@id":"https:\/\/www.sai-open.com\/nueva\/b-i-business-intelligence\/#breadcrumb"},"inLanguage":"es-CO","potentialAction":[{"@type":"ReadAction","target":["https:\/\/www.sai-open.com\/nueva\/b-i-business-intelligence\/"]}]},{"@type":"ImageObject","inLanguage":"es-CO","@id":"https:\/\/www.sai-open.com\/nueva\/b-i-business-intelligence\/#primaryimage","url":"https:\/\/www.sai-open.com\/nueva\/wp-content\/uploads\/2024\/08\/Web-BI.png","contentUrl":"https:\/\/www.sai-open.com\/nueva\/wp-content\/uploads\/2024\/08\/Web-BI.png","width":525,"height":380},{"@type":"BreadcrumbList","@id":"https:\/\/www.sai-open.com\/nueva\/b-i-business-intelligence\/#breadcrumb","itemListElement":[{"@type":"ListItem","position":1,"name":"Inicio","item":"https:\/\/www.sai-open.com\/nueva\/"},{"@type":"ListItem","position":2,"name":"B.I. Business Intelligence"}]},{"@type":"WebSite","@id":"https:\/\/www.sai-open.com\/nueva\/#website","url":"https:\/\/www.sai-open.com\/nueva\/","name":"GRUPO SAI S.A.S","description":"Sistema administrativo inteligente","publisher":{"@id":"https:\/\/www.sai-open.com\/nueva\/#organization"},"potentialAction":[{"@type":"SearchAction","target":{"@type":"EntryPoint","urlTemplate":"https:\/\/www.sai-open.com\/nueva\/?s={search_term_string}"},"query-input":{"@type":"PropertyValueSpecification","valueRequired":true,"valueName":"search_term_string"}}],"inLanguage":"es-CO"},{"@type":"Organization","@id":"https:\/\/www.sai-open.com\/nueva\/#organization","name":"GRUPO SAI S.A.S","url":"https:\/\/www.sai-open.com\/nueva\/","logo":{"@type":"ImageObject","inLanguage":"es-CO","@id":"https:\/\/www.sai-open.com\/nueva\/#\/schema\/logo\/image\/","url":"https:\/\/www.sai-open.com\/nueva\/wp-content\/uploads\/2023\/11\/Sai-Open-1.png","contentUrl":"https:\/\/www.sai-open.com\/nueva\/wp-content\/uploads\/2023\/11\/Sai-Open-1.png","width":230,"height":52,"caption":"GRUPO SAI S.A.S"},"image":{"@id":"https:\/\/www.sai-open.com\/nueva\/#\/schema\/logo\/image\/"}}]}},"_links":{"self":[{"href":"https:\/\/www.sai-open.com\/nueva\/wp-json\/wp\/v2\/pages\/6085","targetHints":{"allow":["GET"]}}],"collection":[{"href":"https:\/\/www.sai-open.com\/nueva\/wp-json\/wp\/v2\/pages"}],"about":[{"href":"https:\/\/www.sai-open.com\/nueva\/wp-json\/wp\/v2\/types\/page"}],"author":[{"embeddable":true,"href":"https:\/\/www.sai-open.com\/nueva\/wp-json\/wp\/v2\/users\/1"}],"replies":[{"embeddable":true,"href":"https:\/\/www.sai-open.com\/nueva\/wp-json\/wp\/v2\/comments?post=6085"}],"version-history":[{"count":20,"href":"https:\/\/www.sai-open.com\/nueva\/wp-json\/wp\/v2\/pages\/6085\/revisions"}],"predecessor-version":[{"id":6507,"href":"https:\/\/www.sai-open.com\/nueva\/wp-json\/wp\/v2\/pages\/6085\/revisions\/6507"}],"wp:attachment":[{"href":"https:\/\/www.sai-open.com\/nueva\/wp-json\/wp\/v2\/media?parent=6085"}],"curies":[{"name":"wp","href":"https:\/\/api.w.org\/{rel}","templated":true}]}}