{"id":5928,"date":"2023-11-29T12:04:01","date_gmt":"2023-11-29T17:04:01","guid":{"rendered":"https:\/\/www.sai-open.com\/nueva\/?page_id=5928"},"modified":"2024-08-09T11:47:58","modified_gmt":"2024-08-09T16:47:58","slug":"gestion-de-cobros-cartera","status":"publish","type":"page","link":"https:\/\/www.sai-open.com\/nueva\/gestion-de-cobros-cartera\/","title":{"rendered":"Gesti\u00f3n de cobros: Cartera"},"content":{"rendered":"\t\t<div data-elementor-type=\"wp-page\" data-elementor-id=\"5928\" class=\"elementor elementor-5928\">\n\t\t\t\t<div class=\"elementor-element elementor-element-de50420 e-flex e-con-boxed e-con e-parent\" data-id=\"de50420\" data-element_type=\"container\">\n\t\t\t\t\t<div class=\"e-con-inner\">\n\t\t<div class=\"elementor-element elementor-element-387c73b e-flex e-con-boxed e-con e-child\" data-id=\"387c73b\" data-element_type=\"container\">\n\t\t\t\t\t<div class=\"e-con-inner\">\n\t\t<div class=\"elementor-element elementor-element-217dcc4 e-flex e-con-boxed e-con e-child\" data-id=\"217dcc4\" data-element_type=\"container\">\n\t\t\t\t\t<div class=\"e-con-inner\">\n\t\t\t\t<div class=\"elementor-element elementor-element-12f2ea1 elementor-invisible elementor-widget elementor-widget-heading\" data-id=\"12f2ea1\" data-element_type=\"widget\" data-settings=\"{&quot;_animation&quot;:&quot;fadeInDown&quot;}\" data-widget_type=\"heading.default\">\n\t\t\t\t<div class=\"elementor-widget-container\">\n\t\t\t\t\t<h2 class=\"elementor-heading-title elementor-size-default\">Gesti\u00f3n de cobros: Cartera<\/h2>\t\t\t\t<\/div>\n\t\t\t\t<\/div>\n\t\t\t\t<div class=\"elementor-element elementor-element-7466ec8 elementor-invisible elementor-widget elementor-widget-heading\" data-id=\"7466ec8\" data-element_type=\"widget\" data-settings=\"{&quot;_animation&quot;:&quot;fadeInUp&quot;}\" data-widget_type=\"heading.default\">\n\t\t\t\t<div class=\"elementor-widget-container\">\n\t\t\t\t\t<h2 class=\"elementor-heading-title elementor-size-default\">Obtenga el control de la gesti\u00f3n necesaria para lograr el recaudo de las ventas a cr\u00e9dito, as\u00ed como la liquidaci\u00f3n de las comisiones de acuerdo a la pol\u00edtica establecida por la empresa.<\/h2>\t\t\t\t<\/div>\n\t\t\t\t<\/div>\n\t\t\t\t\t<\/div>\n\t\t\t\t<\/div>\n\t\t\t\t\t<\/div>\n\t\t\t\t<\/div>\n\t\t\t\t\t<\/div>\n\t\t\t\t<\/div>\n\t\t<div class=\"elementor-element elementor-element-9b27236 e-flex e-con-boxed e-con e-parent\" data-id=\"9b27236\" data-element_type=\"container\">\n\t\t\t\t\t<div class=\"e-con-inner\">\n\t\t<div class=\"elementor-element elementor-element-ba2ac50 e-con-full e-flex e-con e-child\" data-id=\"ba2ac50\" data-element_type=\"container\">\n\t\t\t\t<div class=\"elementor-element elementor-element-57cd6e2 elementor-align-left elementor-icon-list--layout-traditional elementor-list-item-link-full_width elementor-invisible elementor-widget elementor-widget-icon-list\" data-id=\"57cd6e2\" data-element_type=\"widget\" data-settings=\"{&quot;_animation&quot;:&quot;fadeInLeft&quot;}\" data-widget_type=\"icon-list.default\">\n\t\t\t\t<div class=\"elementor-widget-container\">\n\t\t\t\t\t\t\t<ul class=\"elementor-icon-list-items\">\n\t\t\t\t\t\t\t<li class=\"elementor-icon-list-item\">\n\t\t\t\t\t\t\t\t\t\t\t<span class=\"elementor-icon-list-icon\">\n\t\t\t\t\t\t\t<svg aria-hidden=\"true\" class=\"e-font-icon-svg e-fas-check\" viewBox=\"0 0 512 512\" xmlns=\"http:\/\/www.w3.org\/2000\/svg\"><path d=\"M173.898 439.404l-166.4-166.4c-9.997-9.997-9.997-26.206 0-36.204l36.203-36.204c9.997-9.998 26.207-9.998 36.204 0L192 312.69 432.095 72.596c9.997-9.997 26.207-9.997 36.204 0l36.203 36.204c9.997 9.997 9.997 26.206 0 36.204l-294.4 294.401c-9.998 9.997-26.207 9.997-36.204-.001z\"><\/path><\/svg>\t\t\t\t\t\t<\/span>\n\t\t\t\t\t\t\t\t\t\t<span class=\"elementor-icon-list-text\"><strong style=\"font-size:18px\">Liquidaci\u00f3n Autom\u00e1tica de Intereses:<\/strong> Agilice sus procesos contables al permitir que el sistema realice la liquidaci\u00f3n autom\u00e1tica de intereses directamente en el recibo de caja.<\/span>\n\t\t\t\t\t\t\t\t\t<\/li>\n\t\t\t\t\t\t\t\t<li class=\"elementor-icon-list-item\">\n\t\t\t\t\t\t\t\t\t\t\t<span class=\"elementor-icon-list-icon\">\n\t\t\t\t\t\t\t<svg aria-hidden=\"true\" class=\"e-font-icon-svg e-fas-check\" viewBox=\"0 0 512 512\" xmlns=\"http:\/\/www.w3.org\/2000\/svg\"><path d=\"M173.898 439.404l-166.4-166.4c-9.997-9.997-9.997-26.206 0-36.204l36.203-36.204c9.997-9.998 26.207-9.998 36.204 0L192 312.69 432.095 72.596c9.997-9.997 26.207-9.997 36.204 0l36.203 36.204c9.997 9.997 9.997 26.206 0 36.204l-294.4 294.401c-9.998 9.997-26.207 9.997-36.204-.001z\"><\/path><\/svg>\t\t\t\t\t\t<\/span>\n\t\t\t\t\t\t\t\t\t\t<span class=\"elementor-icon-list-text\"><strong style=\"font-size:18px\">Optimizaci\u00f3n del Flujo de Caja: <\/strong>Proyecta vencimientos para una visi\u00f3n anticipada y ofrecemos control detallado de zonas y rutas de cobro. Tambi\u00e9n brinda una consulta \u00e1gil de saldo, movimientos y anticipos para una gesti\u00f3n financiera efectiva.<\/span>\n\t\t\t\t\t\t\t\t\t<\/li>\n\t\t\t\t\t\t\t\t<li class=\"elementor-icon-list-item\">\n\t\t\t\t\t\t\t\t\t\t\t<span class=\"elementor-icon-list-icon\">\n\t\t\t\t\t\t\t<svg aria-hidden=\"true\" class=\"e-font-icon-svg e-fas-check\" viewBox=\"0 0 512 512\" xmlns=\"http:\/\/www.w3.org\/2000\/svg\"><path d=\"M173.898 439.404l-166.4-166.4c-9.997-9.997-9.997-26.206 0-36.204l36.203-36.204c9.997-9.998 26.207-9.998 36.204 0L192 312.69 432.095 72.596c9.997-9.997 26.207-9.997 36.204 0l36.203 36.204c9.997 9.997 9.997 26.206 0 36.204l-294.4 294.401c-9.998 9.997-26.207 9.997-36.204-.001z\"><\/path><\/svg>\t\t\t\t\t\t<\/span>\n\t\t\t\t\t\t\t\t\t\t<span class=\"elementor-icon-list-text\"><strong style=\"font-size:18px\">Control Jur\u00eddico en Tiempo Real:<\/strong> Realice una supervisi\u00f3n constante de la cartera en gesti\u00f3n jur\u00eddica con seguimiento directo en pantalla, facilitando el control de los procesos legales.<\/span>\n\t\t\t\t\t\t\t\t\t<\/li>\n\t\t\t\t\t\t\t\t<li class=\"elementor-icon-list-item\">\n\t\t\t\t\t\t\t\t\t\t\t<span class=\"elementor-icon-list-icon\">\n\t\t\t\t\t\t\t<svg aria-hidden=\"true\" class=\"e-font-icon-svg e-fas-check\" viewBox=\"0 0 512 512\" xmlns=\"http:\/\/www.w3.org\/2000\/svg\"><path d=\"M173.898 439.404l-166.4-166.4c-9.997-9.997-9.997-26.206 0-36.204l36.203-36.204c9.997-9.998 26.207-9.998 36.204 0L192 312.69 432.095 72.596c9.997-9.997 26.207-9.997 36.204 0l36.203 36.204c9.997 9.997 9.997 26.206 0 36.204l-294.4 294.401c-9.998 9.997-26.207 9.997-36.204-.001z\"><\/path><\/svg>\t\t\t\t\t\t<\/span>\n\t\t\t\t\t\t\t\t\t\t<span class=\"elementor-icon-list-text\"><strong style=\"font-size:18px\">Gesti\u00f3n de cobros:<\/strong> Dado que el sistema permite configurar una factura autom\u00e1tica en bloque de manera que se creen documentos predeterminados para un tercero con el valor correspondiente del per\u00edodo, tambi\u00e9n permite registrar los pagos en bloque para hacer m\u00e1s \u00e1gil la gesti\u00f3n.<\/span>\n\t\t\t\t\t\t\t\t\t<\/li>\n\t\t\t\t\t\t<\/ul>\n\t\t\t\t\t\t<\/div>\n\t\t\t\t<\/div>\n\t\t\t\t<\/div>\n\t\t<div class=\"elementor-element elementor-element-ec6e459 e-con-full e-flex e-con e-child\" data-id=\"ec6e459\" data-element_type=\"container\">\n\t\t\t\t<div class=\"elementor-element elementor-element-056c342 elementor-widget elementor-widget-spacer\" data-id=\"056c342\" data-element_type=\"widget\" data-widget_type=\"spacer.default\">\n\t\t\t\t<div class=\"elementor-widget-container\">\n\t\t\t\t\t\t\t<div class=\"elementor-spacer\">\n\t\t\t<div class=\"elementor-spacer-inner\"><\/div>\n\t\t<\/div>\n\t\t\t\t\t\t<\/div>\n\t\t\t\t<\/div>\n\t\t\t\t<div class=\"elementor-element elementor-element-2aa7ba3 elementor-invisible elementor-widget elementor-widget-image\" data-id=\"2aa7ba3\" data-element_type=\"widget\" data-settings=\"{&quot;_animation&quot;:&quot;fadeInUp&quot;}\" data-widget_type=\"image.default\">\n\t\t\t\t<div class=\"elementor-widget-container\">\n\t\t\t\t\t\t\t\t\t\t\t\t\t\t\t<img fetchpriority=\"high\" decoding=\"async\" width=\"525\" height=\"380\" src=\"https:\/\/www.sai-open.com\/nueva\/wp-content\/uploads\/2024\/08\/Web-Cartera.png\" class=\"attachment-full size-full wp-image-6508\" alt=\"\" srcset=\"https:\/\/www.sai-open.com\/nueva\/wp-content\/uploads\/2024\/08\/Web-Cartera.png 525w, https:\/\/www.sai-open.com\/nueva\/wp-content\/uploads\/2024\/08\/Web-Cartera-300x217.png 300w\" sizes=\"(max-width: 525px) 100vw, 525px\" \/>\t\t\t\t\t\t\t\t\t\t\t\t\t\t\t<\/div>\n\t\t\t\t<\/div>\n\t\t\t\t<\/div>\n\t\t\t\t\t<\/div>\n\t\t\t\t<\/div>\n\t\t<div class=\"elementor-element elementor-element-a168162 e-flex e-con-boxed e-con e-parent\" data-id=\"a168162\" data-element_type=\"container\">\n\t\t\t\t\t<div class=\"e-con-inner\">\n\t\t\t\t\t<\/div>\n\t\t\t\t<\/div>\n\t\t\t\t<\/div>\n\t\t","protected":false},"excerpt":{"rendered":"<p>Gesti\u00f3n de cobros: Cartera Obtenga el control de la gesti\u00f3n necesaria para lograr el recaudo de las ventas a cr\u00e9dito, as\u00ed como la liquidaci\u00f3n de las comisiones de acuerdo a la pol\u00edtica establecida por la empresa. Liquidaci\u00f3n Autom\u00e1tica de Intereses: Agilice sus procesos contables al permitir que el sistema realice la liquidaci\u00f3n autom\u00e1tica de intereses [&hellip;]<\/p>\n","protected":false},"author":1,"featured_media":0,"parent":0,"menu_order":0,"comment_status":"closed","ping_status":"closed","template":"","meta":{"footnotes":""},"class_list":["post-5928","page","type-page","status-publish","hentry"],"yoast_head":"<!-- This site is optimized with the Yoast SEO plugin v25.7 - https:\/\/yoast.com\/wordpress\/plugins\/seo\/ -->\n<title>Gesti\u00f3n de cobros: Cartera - GRUPO SAI S.A.S<\/title>\n<meta name=\"robots\" content=\"index, follow, max-snippet:-1, max-image-preview:large, max-video-preview:-1\" \/>\n<link rel=\"canonical\" href=\"https:\/\/www.sai-open.com\/nueva\/gestion-de-cobros-cartera\/\" \/>\n<meta property=\"og:locale\" content=\"es_ES\" \/>\n<meta property=\"og:type\" content=\"article\" \/>\n<meta property=\"og:title\" content=\"Gesti\u00f3n de cobros: Cartera - GRUPO SAI S.A.S\" \/>\n<meta property=\"og:description\" content=\"Gesti\u00f3n de cobros: Cartera Obtenga el control de la gesti\u00f3n necesaria para lograr el recaudo de las ventas a cr\u00e9dito, as\u00ed como la liquidaci\u00f3n de las comisiones de acuerdo a la pol\u00edtica establecida por la empresa. Liquidaci\u00f3n Autom\u00e1tica de Intereses: Agilice sus procesos contables al permitir que el sistema realice la liquidaci\u00f3n autom\u00e1tica de intereses [&hellip;]\" \/>\n<meta property=\"og:url\" content=\"https:\/\/www.sai-open.com\/nueva\/gestion-de-cobros-cartera\/\" \/>\n<meta property=\"og:site_name\" content=\"GRUPO SAI S.A.S\" \/>\n<meta property=\"article:modified_time\" content=\"2024-08-09T16:47:58+00:00\" \/>\n<meta property=\"og:image\" content=\"https:\/\/www.sai-open.com\/nueva\/wp-content\/uploads\/2024\/08\/Web-Cartera.png\" \/>\n<meta name=\"twitter:card\" content=\"summary_large_image\" \/>\n<meta name=\"twitter:label1\" content=\"Tiempo de lectura\" \/>\n\t<meta name=\"twitter:data1\" content=\"1 minuto\" \/>\n<script type=\"application\/ld+json\" class=\"yoast-schema-graph\">{\"@context\":\"https:\/\/schema.org\",\"@graph\":[{\"@type\":\"WebPage\",\"@id\":\"https:\/\/www.sai-open.com\/nueva\/gestion-de-cobros-cartera\/\",\"url\":\"https:\/\/www.sai-open.com\/nueva\/gestion-de-cobros-cartera\/\",\"name\":\"Gesti\u00f3n de cobros: Cartera - GRUPO SAI S.A.S\",\"isPartOf\":{\"@id\":\"https:\/\/www.sai-open.com\/nueva\/#website\"},\"primaryImageOfPage\":{\"@id\":\"https:\/\/www.sai-open.com\/nueva\/gestion-de-cobros-cartera\/#primaryimage\"},\"image\":{\"@id\":\"https:\/\/www.sai-open.com\/nueva\/gestion-de-cobros-cartera\/#primaryimage\"},\"thumbnailUrl\":\"https:\/\/www.sai-open.com\/nueva\/wp-content\/uploads\/2024\/08\/Web-Cartera.png\",\"datePublished\":\"2023-11-29T17:04:01+00:00\",\"dateModified\":\"2024-08-09T16:47:58+00:00\",\"breadcrumb\":{\"@id\":\"https:\/\/www.sai-open.com\/nueva\/gestion-de-cobros-cartera\/#breadcrumb\"},\"inLanguage\":\"es-CO\",\"potentialAction\":[{\"@type\":\"ReadAction\",\"target\":[\"https:\/\/www.sai-open.com\/nueva\/gestion-de-cobros-cartera\/\"]}]},{\"@type\":\"ImageObject\",\"inLanguage\":\"es-CO\",\"@id\":\"https:\/\/www.sai-open.com\/nueva\/gestion-de-cobros-cartera\/#primaryimage\",\"url\":\"https:\/\/www.sai-open.com\/nueva\/wp-content\/uploads\/2024\/08\/Web-Cartera.png\",\"contentUrl\":\"https:\/\/www.sai-open.com\/nueva\/wp-content\/uploads\/2024\/08\/Web-Cartera.png\",\"width\":525,\"height\":380},{\"@type\":\"BreadcrumbList\",\"@id\":\"https:\/\/www.sai-open.com\/nueva\/gestion-de-cobros-cartera\/#breadcrumb\",\"itemListElement\":[{\"@type\":\"ListItem\",\"position\":1,\"name\":\"Inicio\",\"item\":\"https:\/\/www.sai-open.com\/nueva\/\"},{\"@type\":\"ListItem\",\"position\":2,\"name\":\"Gesti\u00f3n de cobros: Cartera\"}]},{\"@type\":\"WebSite\",\"@id\":\"https:\/\/www.sai-open.com\/nueva\/#website\",\"url\":\"https:\/\/www.sai-open.com\/nueva\/\",\"name\":\"GRUPO SAI S.A.S\",\"description\":\"Sistema administrativo inteligente\",\"publisher\":{\"@id\":\"https:\/\/www.sai-open.com\/nueva\/#organization\"},\"potentialAction\":[{\"@type\":\"SearchAction\",\"target\":{\"@type\":\"EntryPoint\",\"urlTemplate\":\"https:\/\/www.sai-open.com\/nueva\/?s={search_term_string}\"},\"query-input\":{\"@type\":\"PropertyValueSpecification\",\"valueRequired\":true,\"valueName\":\"search_term_string\"}}],\"inLanguage\":\"es-CO\"},{\"@type\":\"Organization\",\"@id\":\"https:\/\/www.sai-open.com\/nueva\/#organization\",\"name\":\"GRUPO SAI S.A.S\",\"url\":\"https:\/\/www.sai-open.com\/nueva\/\",\"logo\":{\"@type\":\"ImageObject\",\"inLanguage\":\"es-CO\",\"@id\":\"https:\/\/www.sai-open.com\/nueva\/#\/schema\/logo\/image\/\",\"url\":\"https:\/\/www.sai-open.com\/nueva\/wp-content\/uploads\/2023\/11\/Sai-Open-1.png\",\"contentUrl\":\"https:\/\/www.sai-open.com\/nueva\/wp-content\/uploads\/2023\/11\/Sai-Open-1.png\",\"width\":230,\"height\":52,\"caption\":\"GRUPO SAI S.A.S\"},\"image\":{\"@id\":\"https:\/\/www.sai-open.com\/nueva\/#\/schema\/logo\/image\/\"}}]}<\/script>\n<!-- \/ Yoast SEO plugin. -->","yoast_head_json":{"title":"Gesti\u00f3n de cobros: Cartera - GRUPO SAI S.A.S","robots":{"index":"index","follow":"follow","max-snippet":"max-snippet:-1","max-image-preview":"max-image-preview:large","max-video-preview":"max-video-preview:-1"},"canonical":"https:\/\/www.sai-open.com\/nueva\/gestion-de-cobros-cartera\/","og_locale":"es_ES","og_type":"article","og_title":"Gesti\u00f3n de cobros: Cartera - GRUPO SAI S.A.S","og_description":"Gesti\u00f3n de cobros: Cartera Obtenga el control de la gesti\u00f3n necesaria para lograr el recaudo de las ventas a cr\u00e9dito, as\u00ed como la liquidaci\u00f3n de las comisiones de acuerdo a la pol\u00edtica establecida por la empresa. Liquidaci\u00f3n Autom\u00e1tica de Intereses: Agilice sus procesos contables al permitir que el sistema realice la liquidaci\u00f3n autom\u00e1tica de intereses [&hellip;]","og_url":"https:\/\/www.sai-open.com\/nueva\/gestion-de-cobros-cartera\/","og_site_name":"GRUPO SAI S.A.S","article_modified_time":"2024-08-09T16:47:58+00:00","og_image":[{"url":"https:\/\/www.sai-open.com\/nueva\/wp-content\/uploads\/2024\/08\/Web-Cartera.png","type":"","width":"","height":""}],"twitter_card":"summary_large_image","twitter_misc":{"Tiempo de lectura":"1 minuto"},"schema":{"@context":"https:\/\/schema.org","@graph":[{"@type":"WebPage","@id":"https:\/\/www.sai-open.com\/nueva\/gestion-de-cobros-cartera\/","url":"https:\/\/www.sai-open.com\/nueva\/gestion-de-cobros-cartera\/","name":"Gesti\u00f3n de cobros: Cartera - GRUPO SAI S.A.S","isPartOf":{"@id":"https:\/\/www.sai-open.com\/nueva\/#website"},"primaryImageOfPage":{"@id":"https:\/\/www.sai-open.com\/nueva\/gestion-de-cobros-cartera\/#primaryimage"},"image":{"@id":"https:\/\/www.sai-open.com\/nueva\/gestion-de-cobros-cartera\/#primaryimage"},"thumbnailUrl":"https:\/\/www.sai-open.com\/nueva\/wp-content\/uploads\/2024\/08\/Web-Cartera.png","datePublished":"2023-11-29T17:04:01+00:00","dateModified":"2024-08-09T16:47:58+00:00","breadcrumb":{"@id":"https:\/\/www.sai-open.com\/nueva\/gestion-de-cobros-cartera\/#breadcrumb"},"inLanguage":"es-CO","potentialAction":[{"@type":"ReadAction","target":["https:\/\/www.sai-open.com\/nueva\/gestion-de-cobros-cartera\/"]}]},{"@type":"ImageObject","inLanguage":"es-CO","@id":"https:\/\/www.sai-open.com\/nueva\/gestion-de-cobros-cartera\/#primaryimage","url":"https:\/\/www.sai-open.com\/nueva\/wp-content\/uploads\/2024\/08\/Web-Cartera.png","contentUrl":"https:\/\/www.sai-open.com\/nueva\/wp-content\/uploads\/2024\/08\/Web-Cartera.png","width":525,"height":380},{"@type":"BreadcrumbList","@id":"https:\/\/www.sai-open.com\/nueva\/gestion-de-cobros-cartera\/#breadcrumb","itemListElement":[{"@type":"ListItem","position":1,"name":"Inicio","item":"https:\/\/www.sai-open.com\/nueva\/"},{"@type":"ListItem","position":2,"name":"Gesti\u00f3n de cobros: Cartera"}]},{"@type":"WebSite","@id":"https:\/\/www.sai-open.com\/nueva\/#website","url":"https:\/\/www.sai-open.com\/nueva\/","name":"GRUPO SAI S.A.S","description":"Sistema administrativo inteligente","publisher":{"@id":"https:\/\/www.sai-open.com\/nueva\/#organization"},"potentialAction":[{"@type":"SearchAction","target":{"@type":"EntryPoint","urlTemplate":"https:\/\/www.sai-open.com\/nueva\/?s={search_term_string}"},"query-input":{"@type":"PropertyValueSpecification","valueRequired":true,"valueName":"search_term_string"}}],"inLanguage":"es-CO"},{"@type":"Organization","@id":"https:\/\/www.sai-open.com\/nueva\/#organization","name":"GRUPO SAI S.A.S","url":"https:\/\/www.sai-open.com\/nueva\/","logo":{"@type":"ImageObject","inLanguage":"es-CO","@id":"https:\/\/www.sai-open.com\/nueva\/#\/schema\/logo\/image\/","url":"https:\/\/www.sai-open.com\/nueva\/wp-content\/uploads\/2023\/11\/Sai-Open-1.png","contentUrl":"https:\/\/www.sai-open.com\/nueva\/wp-content\/uploads\/2023\/11\/Sai-Open-1.png","width":230,"height":52,"caption":"GRUPO SAI S.A.S"},"image":{"@id":"https:\/\/www.sai-open.com\/nueva\/#\/schema\/logo\/image\/"}}]}},"_links":{"self":[{"href":"https:\/\/www.sai-open.com\/nueva\/wp-json\/wp\/v2\/pages\/5928","targetHints":{"allow":["GET"]}}],"collection":[{"href":"https:\/\/www.sai-open.com\/nueva\/wp-json\/wp\/v2\/pages"}],"about":[{"href":"https:\/\/www.sai-open.com\/nueva\/wp-json\/wp\/v2\/types\/page"}],"author":[{"embeddable":true,"href":"https:\/\/www.sai-open.com\/nueva\/wp-json\/wp\/v2\/users\/1"}],"replies":[{"embeddable":true,"href":"https:\/\/www.sai-open.com\/nueva\/wp-json\/wp\/v2\/comments?post=5928"}],"version-history":[{"count":25,"href":"https:\/\/www.sai-open.com\/nueva\/wp-json\/wp\/v2\/pages\/5928\/revisions"}],"predecessor-version":[{"id":6514,"href":"https:\/\/www.sai-open.com\/nueva\/wp-json\/wp\/v2\/pages\/5928\/revisions\/6514"}],"wp:attachment":[{"href":"https:\/\/www.sai-open.com\/nueva\/wp-json\/wp\/v2\/media?parent=5928"}],"curies":[{"name":"wp","href":"https:\/\/api.w.org\/{rel}","templated":true}]}}