{"id":5873,"date":"2023-11-29T11:28:51","date_gmt":"2023-11-29T16:28:51","guid":{"rendered":"https:\/\/www.sai-open.com\/nueva\/?page_id=5873"},"modified":"2024-08-09T13:43:18","modified_gmt":"2024-08-09T18:43:18","slug":"sistemas-pos","status":"publish","type":"page","link":"https:\/\/www.sai-open.com\/nueva\/sistemas-pos\/","title":{"rendered":"Sistemas POS"},"content":{"rendered":"\t\t<div data-elementor-type=\"wp-page\" data-elementor-id=\"5873\" class=\"elementor elementor-5873\">\n\t\t\t\t<div class=\"elementor-element elementor-element-5349796 e-flex e-con-boxed e-con e-parent\" data-id=\"5349796\" data-element_type=\"container\">\n\t\t\t\t\t<div class=\"e-con-inner\">\n\t\t\t\t<div class=\"elementor-element elementor-element-b69340c elementor-invisible elementor-widget elementor-widget-heading\" data-id=\"b69340c\" data-element_type=\"widget\" data-settings=\"{&quot;_animation&quot;:&quot;fadeInDown&quot;}\" data-widget_type=\"heading.default\">\n\t\t\t\t<div class=\"elementor-widget-container\">\n\t\t\t\t\t<h2 class=\"elementor-heading-title elementor-size-default\">Sistemas POS<\/h2>\t\t\t\t<\/div>\n\t\t\t\t<\/div>\n\t\t\t\t\t<\/div>\n\t\t\t\t<\/div>\n\t\t<div class=\"elementor-element elementor-element-4767f5c e-flex e-con-boxed e-con e-parent\" data-id=\"4767f5c\" data-element_type=\"container\">\n\t\t\t\t\t<div class=\"e-con-inner\">\n\t\t<div class=\"elementor-element elementor-element-88c34c3 e-con-full e-flex e-con e-child\" data-id=\"88c34c3\" data-element_type=\"container\">\n\t\t\t\t<div class=\"elementor-element elementor-element-8dd39d9 elementor-invisible elementor-widget elementor-widget-heading\" data-id=\"8dd39d9\" data-element_type=\"widget\" data-settings=\"{&quot;_animation&quot;:&quot;fadeInLeft&quot;}\" data-widget_type=\"heading.default\">\n\t\t\t\t<div class=\"elementor-widget-container\">\n\t\t\t\t\t<h2 class=\"elementor-heading-title elementor-size-default\">POS COMERCIAL EN LA NUBE<\/h2>\t\t\t\t<\/div>\n\t\t\t\t<\/div>\n\t\t\t\t<div class=\"elementor-element elementor-element-aa1ccda elementor-invisible elementor-widget elementor-widget-text-editor\" data-id=\"aa1ccda\" data-element_type=\"widget\" data-settings=\"{&quot;_animation&quot;:&quot;fadeInLeft&quot;}\" data-widget_type=\"text-editor.default\">\n\t\t\t\t<div class=\"elementor-widget-container\">\n\t\t\t\t\t\t\t\t\t<p>Nuestro m\u00f3dulo de punto de venta en la nube es vers\u00e1til y robusto, f\u00e1cil de manejar, opera con o sin conexi\u00f3n para preservar la integridad de la informaci\u00f3n. Puede funcionar independientemente o conectarse al ERP SAI OPEN para una gesti\u00f3n autom\u00e1tica de inventarios y contabilidad.<\/p><p><strong style=\"font-size: 15px;\">1. B\u00fasqueda y Consulta Simplificadas: <\/strong>B\u00fasqueda por categor\u00edas, nombre, c\u00f3digo o c\u00f3digo de barras, visualizaci\u00f3n de productos con im\u00e1genes o en lista, filtros por c\u00f3digo de barras, c\u00f3digo de producto, nombre y categor\u00eda.<\/p><p><strong style=\"font-size: 15px;\">2. Operaciones Eficientes: <\/strong>Interfaz t\u00e1ctil, interconexi\u00f3n con dispositivos como balanzas y lectores, cobertura completa de las operaciones en la caja, notificaciones de cierre y otros indicadores por correo o WhatsApp, y capacidad para realizar facturaci\u00f3n electr\u00f3nica.<\/p>\t\t\t\t\t\t\t\t<\/div>\n\t\t\t\t<\/div>\n\t\t\t\t<\/div>\n\t\t<div class=\"elementor-element elementor-element-87dc4a9 e-con-full e-flex e-con e-child\" data-id=\"87dc4a9\" data-element_type=\"container\">\n\t\t\t\t<div class=\"elementor-element elementor-element-7f758f9 elementor-widget elementor-widget-spacer\" data-id=\"7f758f9\" data-element_type=\"widget\" data-widget_type=\"spacer.default\">\n\t\t\t\t<div class=\"elementor-widget-container\">\n\t\t\t\t\t\t\t<div class=\"elementor-spacer\">\n\t\t\t<div class=\"elementor-spacer-inner\"><\/div>\n\t\t<\/div>\n\t\t\t\t\t\t<\/div>\n\t\t\t\t<\/div>\n\t\t\t\t<div class=\"elementor-element elementor-element-ba5f171 elementor-invisible elementor-widget elementor-widget-image\" data-id=\"ba5f171\" data-element_type=\"widget\" data-settings=\"{&quot;_animation&quot;:&quot;fadeInRight&quot;}\" data-widget_type=\"image.default\">\n\t\t\t\t<div class=\"elementor-widget-container\">\n\t\t\t\t\t\t\t\t\t\t\t\t\t\t\t<img fetchpriority=\"high\" decoding=\"async\" width=\"525\" height=\"380\" src=\"https:\/\/www.sai-open.com\/nueva\/wp-content\/uploads\/2024\/08\/Web-Sistema-POS-1.png\" class=\"attachment-large size-large wp-image-6562\" alt=\"\" srcset=\"https:\/\/www.sai-open.com\/nueva\/wp-content\/uploads\/2024\/08\/Web-Sistema-POS-1.png 525w, https:\/\/www.sai-open.com\/nueva\/wp-content\/uploads\/2024\/08\/Web-Sistema-POS-1-300x217.png 300w\" sizes=\"(max-width: 525px) 100vw, 525px\" \/>\t\t\t\t\t\t\t\t\t\t\t\t\t\t\t<\/div>\n\t\t\t\t<\/div>\n\t\t\t\t<\/div>\n\t\t<div class=\"elementor-element elementor-element-790916e e-con-full e-flex e-con e-child\" data-id=\"790916e\" data-element_type=\"container\">\n\t\t\t\t<div class=\"elementor-element elementor-element-6800108 elementor-widget elementor-widget-spacer\" data-id=\"6800108\" data-element_type=\"widget\" data-widget_type=\"spacer.default\">\n\t\t\t\t<div class=\"elementor-widget-container\">\n\t\t\t\t\t\t\t<div class=\"elementor-spacer\">\n\t\t\t<div class=\"elementor-spacer-inner\"><\/div>\n\t\t<\/div>\n\t\t\t\t\t\t<\/div>\n\t\t\t\t<\/div>\n\t\t\t\t<div class=\"elementor-element elementor-element-0edb8a4 elementor-invisible elementor-widget elementor-widget-heading\" data-id=\"0edb8a4\" data-element_type=\"widget\" data-settings=\"{&quot;_animation&quot;:&quot;fadeInUp&quot;}\" data-widget_type=\"heading.default\">\n\t\t\t\t<div class=\"elementor-widget-container\">\n\t\t\t\t\t<h2 class=\"elementor-heading-title elementor-size-default\">ES EL SOFTWARE IDEAL PARA<\/h2>\t\t\t\t<\/div>\n\t\t\t\t<\/div>\n\t\t\t\t<div class=\"elementor-element elementor-element-0753e9a elementor-invisible elementor-widget elementor-widget-text-editor\" data-id=\"0753e9a\" data-element_type=\"widget\" data-settings=\"{&quot;_animation&quot;:&quot;fadeInUp&quot;}\" data-widget_type=\"text-editor.default\">\n\t\t\t\t<div class=\"elementor-widget-container\">\n\t\t\t\t\t\t\t\t\t<p>Supermercados, graneros, tiendas, bares, tiendas de ropa, tienda de art\u00edculos.<\/p>\t\t\t\t\t\t\t\t<\/div>\n\t\t\t\t<\/div>\n\t\t\t\t<div class=\"elementor-element elementor-element-7d810c1 elementor-align-center elementor-invisible elementor-widget elementor-widget-button\" data-id=\"7d810c1\" data-element_type=\"widget\" data-settings=\"{&quot;_animation&quot;:&quot;fadeInUp&quot;}\" data-widget_type=\"button.default\">\n\t\t\t\t<div class=\"elementor-widget-container\">\n\t\t\t\t\t\t\t\t\t<div class=\"elementor-button-wrapper\">\n\t\t\t\t\t<a class=\"elementor-button elementor-button-link elementor-size-md\" href=\"https:\/\/drive.google.com\/file\/d\/1VBGq6TjhTeqhSJWQSwO1AQhphezyfZFp\/view?usp=sharing%20\">\n\t\t\t\t\t\t<span class=\"elementor-button-content-wrapper\">\n\t\t\t\t\t\t\t\t\t<span class=\"elementor-button-text\">Ver Infograf\u00eda <\/span>\n\t\t\t\t\t<\/span>\n\t\t\t\t\t<\/a>\n\t\t\t\t<\/div>\n\t\t\t\t\t\t\t\t<\/div>\n\t\t\t\t<\/div>\n\t\t\t\t<\/div>\n\t\t<div class=\"elementor-element elementor-element-ae8380a e-con-full e-flex e-con e-child\" data-id=\"ae8380a\" data-element_type=\"container\">\n\t\t\t\t<div class=\"elementor-element elementor-element-d558f80 elementor-widget elementor-widget-spacer\" data-id=\"d558f80\" data-element_type=\"widget\" data-widget_type=\"spacer.default\">\n\t\t\t\t<div class=\"elementor-widget-container\">\n\t\t\t\t\t\t\t<div class=\"elementor-spacer\">\n\t\t\t<div class=\"elementor-spacer-inner\"><\/div>\n\t\t<\/div>\n\t\t\t\t\t\t<\/div>\n\t\t\t\t<\/div>\n\t\t\t\t<div class=\"elementor-element elementor-element-20f2324 elementor-invisible elementor-widget elementor-widget-image\" data-id=\"20f2324\" data-element_type=\"widget\" data-settings=\"{&quot;_animation&quot;:&quot;fadeInUp&quot;}\" data-widget_type=\"image.default\">\n\t\t\t\t<div class=\"elementor-widget-container\">\n\t\t\t\t\t\t\t\t\t\t\t\t\t\t\t<img decoding=\"async\" width=\"370\" height=\"260\" src=\"https:\/\/www.sai-open.com\/nueva\/wp-content\/uploads\/2024\/08\/Web-Sistema-POS-2-370x260.png\" class=\"attachment-envolve_370x260 size-envolve_370x260 wp-image-6563\" alt=\"\" srcset=\"https:\/\/www.sai-open.com\/nueva\/wp-content\/uploads\/2024\/08\/Web-Sistema-POS-2-370x260.png 370w, https:\/\/www.sai-open.com\/nueva\/wp-content\/uploads\/2024\/08\/Web-Sistema-POS-2-340x240.png 340w\" sizes=\"(max-width: 370px) 100vw, 370px\" \/>\t\t\t\t\t\t\t\t\t\t\t\t\t\t\t<\/div>\n\t\t\t\t<\/div>\n\t\t\t\t<\/div>\n\t\t\t\t\t<\/div>\n\t\t\t\t<\/div>\n\t\t<div class=\"elementor-element elementor-element-ab8839f e-flex e-con-boxed e-con e-parent\" data-id=\"ab8839f\" data-element_type=\"container\">\n\t\t\t\t\t<div class=\"e-con-inner\">\n\t\t\t\t<div class=\"elementor-element elementor-element-dd51f4e elementor-widget elementor-widget-spacer\" data-id=\"dd51f4e\" data-element_type=\"widget\" data-widget_type=\"spacer.default\">\n\t\t\t\t<div class=\"elementor-widget-container\">\n\t\t\t\t\t\t\t<div class=\"elementor-spacer\">\n\t\t\t<div class=\"elementor-spacer-inner\"><\/div>\n\t\t<\/div>\n\t\t\t\t\t\t<\/div>\n\t\t\t\t<\/div>\n\t\t\t\t\t<\/div>\n\t\t\t\t<\/div>\n\t\t<div class=\"elementor-element elementor-element-dfa184e e-flex e-con-boxed e-con e-parent\" data-id=\"dfa184e\" data-element_type=\"container\">\n\t\t\t\t\t<div class=\"e-con-inner\">\n\t\t<div class=\"elementor-element elementor-element-66367a7 e-con-full e-flex e-con e-child\" data-id=\"66367a7\" data-element_type=\"container\">\n\t\t\t\t<div class=\"elementor-element elementor-element-7410139 elementor-invisible elementor-widget elementor-widget-heading\" data-id=\"7410139\" data-element_type=\"widget\" data-settings=\"{&quot;_animation&quot;:&quot;fadeInDown&quot;}\" data-widget_type=\"heading.default\">\n\t\t\t\t<div class=\"elementor-widget-container\">\n\t\t\t\t\t<h2 class=\"elementor-heading-title elementor-size-default\">POS RESTAURANTE EN LA NUBE<\/h2>\t\t\t\t<\/div>\n\t\t\t\t<\/div>\n\t\t\t\t<div class=\"elementor-element elementor-element-68ddbef elementor-invisible elementor-widget elementor-widget-text-editor\" data-id=\"68ddbef\" data-element_type=\"widget\" data-settings=\"{&quot;_animation&quot;:&quot;fadeInLeft&quot;}\" data-widget_type=\"text-editor.default\">\n\t\t\t\t<div class=\"elementor-widget-container\">\n\t\t\t\t\t\t\t\t\t<p>Tu negocio, siempre contigo. Nuestro m\u00f3dulo POS en la nube te acompa\u00f1a en todos tus dispositivos por medio del explorador web.<\/p><p><strong style=\"font-size: 15px;\">1. Sin l\u00edmites ni interrupciones:<\/strong> Gestiona tu restaurante de manera eficiente y continua, incluso en los momentos m\u00e1s cr\u00edticos. Con este m\u00f3dulo POS se instalan servicios locales (En el servidor local) que permiten la continuidad de la operaci\u00f3n en eventos de desconexi\u00f3n del servicio de internet.<\/p><p><strong style=\"font-size: 15px;\">2. Pantalla de operaci\u00f3n para el Cajero:<\/strong><br \/>-Interfaz din\u00e1mica a base de eventos (Botones) permitiendo un c\u00f3modo uso desde cualquier dispositivo.<br \/>-Atajos de teclado para la manipulaci\u00f3n del POS-Restaurante, no dependiendo estrictamente del mouse.<br \/>-B\u00fasqueda de los productos a trav\u00e9s de categor\u00edas din\u00e1micas.<br \/>-Consulta de existencias<\/p>\t\t\t\t\t\t\t\t<\/div>\n\t\t\t\t<\/div>\n\t\t\t\t<div class=\"elementor-element elementor-element-d3ef026 elementor-align-center elementor-invisible elementor-widget elementor-widget-button\" data-id=\"d3ef026\" data-element_type=\"widget\" data-settings=\"{&quot;_animation&quot;:&quot;fadeInUp&quot;}\" data-widget_type=\"button.default\">\n\t\t\t\t<div class=\"elementor-widget-container\">\n\t\t\t\t\t\t\t\t\t<div class=\"elementor-button-wrapper\">\n\t\t\t\t\t<a class=\"elementor-button elementor-button-link elementor-size-md\" href=\"https:\/\/drive.google.com\/file\/d\/1ElCzYEANxTenH2SF9vsW-kGSWCz0wkPw\/view?usp=sharing\">\n\t\t\t\t\t\t<span class=\"elementor-button-content-wrapper\">\n\t\t\t\t\t\t\t\t\t<span class=\"elementor-button-text\">Ver Infograf\u00eda <\/span>\n\t\t\t\t\t<\/span>\n\t\t\t\t\t<\/a>\n\t\t\t\t<\/div>\n\t\t\t\t\t\t\t\t<\/div>\n\t\t\t\t<\/div>\n\t\t\t\t<\/div>\n\t\t<div class=\"elementor-element elementor-element-dfc2bf8 e-con-full e-flex e-con e-child\" data-id=\"dfc2bf8\" data-element_type=\"container\">\n\t\t\t\t<div class=\"elementor-element elementor-element-f4fbc54 elementor-widget elementor-widget-spacer\" data-id=\"f4fbc54\" data-element_type=\"widget\" data-widget_type=\"spacer.default\">\n\t\t\t\t<div class=\"elementor-widget-container\">\n\t\t\t\t\t\t\t<div class=\"elementor-spacer\">\n\t\t\t<div class=\"elementor-spacer-inner\"><\/div>\n\t\t<\/div>\n\t\t\t\t\t\t<\/div>\n\t\t\t\t<\/div>\n\t\t\t\t<div class=\"elementor-element elementor-element-1ceebd5 elementor-invisible elementor-widget elementor-widget-image\" data-id=\"1ceebd5\" data-element_type=\"widget\" data-settings=\"{&quot;_animation&quot;:&quot;fadeInRight&quot;}\" data-widget_type=\"image.default\">\n\t\t\t\t<div class=\"elementor-widget-container\">\n\t\t\t\t\t\t\t\t\t\t\t\t\t\t\t<img decoding=\"async\" width=\"525\" height=\"380\" src=\"https:\/\/www.sai-open.com\/nueva\/wp-content\/uploads\/2024\/08\/Web-Sistema-POS-3.png\" class=\"attachment-large size-large wp-image-6565\" alt=\"\" srcset=\"https:\/\/www.sai-open.com\/nueva\/wp-content\/uploads\/2024\/08\/Web-Sistema-POS-3.png 525w, https:\/\/www.sai-open.com\/nueva\/wp-content\/uploads\/2024\/08\/Web-Sistema-POS-3-300x217.png 300w\" sizes=\"(max-width: 525px) 100vw, 525px\" \/>\t\t\t\t\t\t\t\t\t\t\t\t\t\t\t<\/div>\n\t\t\t\t<\/div>\n\t\t\t\t<\/div>\n\t\t\t\t\t<\/div>\n\t\t\t\t<\/div>\n\t\t<div class=\"elementor-element elementor-element-e857611 e-flex e-con-boxed e-con e-parent\" data-id=\"e857611\" data-element_type=\"container\">\n\t\t\t\t\t<div class=\"e-con-inner\">\n\t\t\t\t\t<\/div>\n\t\t\t\t<\/div>\n\t\t\t\t<\/div>\n\t\t","protected":false},"excerpt":{"rendered":"<p>Sistemas POS POS COMERCIAL EN LA NUBE Nuestro m\u00f3dulo de punto de venta en la nube es vers\u00e1til y robusto, f\u00e1cil de manejar, opera con o sin conexi\u00f3n para preservar la integridad de la informaci\u00f3n. Puede funcionar independientemente o conectarse al ERP SAI OPEN para una gesti\u00f3n autom\u00e1tica de inventarios y contabilidad. 1. B\u00fasqueda y [&hellip;]<\/p>\n","protected":false},"author":1,"featured_media":0,"parent":0,"menu_order":0,"comment_status":"closed","ping_status":"closed","template":"","meta":{"footnotes":""},"class_list":["post-5873","page","type-page","status-publish","hentry"],"yoast_head":"<!-- This site is optimized with the Yoast SEO plugin v25.7 - https:\/\/yoast.com\/wordpress\/plugins\/seo\/ -->\n<title>Sistemas POS - GRUPO SAI S.A.S<\/title>\n<meta name=\"robots\" content=\"index, follow, max-snippet:-1, max-image-preview:large, max-video-preview:-1\" \/>\n<link rel=\"canonical\" href=\"https:\/\/www.sai-open.com\/nueva\/sistemas-pos\/\" \/>\n<meta property=\"og:locale\" content=\"es_ES\" \/>\n<meta property=\"og:type\" content=\"article\" \/>\n<meta property=\"og:title\" content=\"Sistemas POS - GRUPO SAI S.A.S\" \/>\n<meta property=\"og:description\" content=\"Sistemas POS POS COMERCIAL EN LA NUBE Nuestro m\u00f3dulo de punto de venta en la nube es vers\u00e1til y robusto, f\u00e1cil de manejar, opera con o sin conexi\u00f3n para preservar la integridad de la informaci\u00f3n. Puede funcionar independientemente o conectarse al ERP SAI OPEN para una gesti\u00f3n autom\u00e1tica de inventarios y contabilidad. 1. B\u00fasqueda y [&hellip;]\" \/>\n<meta property=\"og:url\" content=\"https:\/\/www.sai-open.com\/nueva\/sistemas-pos\/\" \/>\n<meta property=\"og:site_name\" content=\"GRUPO SAI S.A.S\" \/>\n<meta property=\"article:modified_time\" content=\"2024-08-09T18:43:18+00:00\" \/>\n<meta property=\"og:image\" content=\"https:\/\/www.sai-open.com\/nueva\/wp-content\/uploads\/2024\/08\/Web-Sistema-POS-1.png\" \/>\n<meta name=\"twitter:card\" content=\"summary_large_image\" \/>\n<meta name=\"twitter:label1\" content=\"Tiempo de lectura\" \/>\n\t<meta name=\"twitter:data1\" content=\"1 minuto\" \/>\n<script type=\"application\/ld+json\" class=\"yoast-schema-graph\">{\"@context\":\"https:\/\/schema.org\",\"@graph\":[{\"@type\":\"WebPage\",\"@id\":\"https:\/\/www.sai-open.com\/nueva\/sistemas-pos\/\",\"url\":\"https:\/\/www.sai-open.com\/nueva\/sistemas-pos\/\",\"name\":\"Sistemas POS - GRUPO SAI S.A.S\",\"isPartOf\":{\"@id\":\"https:\/\/www.sai-open.com\/nueva\/#website\"},\"primaryImageOfPage\":{\"@id\":\"https:\/\/www.sai-open.com\/nueva\/sistemas-pos\/#primaryimage\"},\"image\":{\"@id\":\"https:\/\/www.sai-open.com\/nueva\/sistemas-pos\/#primaryimage\"},\"thumbnailUrl\":\"https:\/\/www.sai-open.com\/nueva\/wp-content\/uploads\/2024\/08\/Web-Sistema-POS-1.png\",\"datePublished\":\"2023-11-29T16:28:51+00:00\",\"dateModified\":\"2024-08-09T18:43:18+00:00\",\"breadcrumb\":{\"@id\":\"https:\/\/www.sai-open.com\/nueva\/sistemas-pos\/#breadcrumb\"},\"inLanguage\":\"es-CO\",\"potentialAction\":[{\"@type\":\"ReadAction\",\"target\":[\"https:\/\/www.sai-open.com\/nueva\/sistemas-pos\/\"]}]},{\"@type\":\"ImageObject\",\"inLanguage\":\"es-CO\",\"@id\":\"https:\/\/www.sai-open.com\/nueva\/sistemas-pos\/#primaryimage\",\"url\":\"https:\/\/www.sai-open.com\/nueva\/wp-content\/uploads\/2024\/08\/Web-Sistema-POS-1.png\",\"contentUrl\":\"https:\/\/www.sai-open.com\/nueva\/wp-content\/uploads\/2024\/08\/Web-Sistema-POS-1.png\",\"width\":525,\"height\":380},{\"@type\":\"BreadcrumbList\",\"@id\":\"https:\/\/www.sai-open.com\/nueva\/sistemas-pos\/#breadcrumb\",\"itemListElement\":[{\"@type\":\"ListItem\",\"position\":1,\"name\":\"Inicio\",\"item\":\"https:\/\/www.sai-open.com\/nueva\/\"},{\"@type\":\"ListItem\",\"position\":2,\"name\":\"Sistemas POS\"}]},{\"@type\":\"WebSite\",\"@id\":\"https:\/\/www.sai-open.com\/nueva\/#website\",\"url\":\"https:\/\/www.sai-open.com\/nueva\/\",\"name\":\"GRUPO SAI S.A.S\",\"description\":\"Sistema administrativo inteligente\",\"publisher\":{\"@id\":\"https:\/\/www.sai-open.com\/nueva\/#organization\"},\"potentialAction\":[{\"@type\":\"SearchAction\",\"target\":{\"@type\":\"EntryPoint\",\"urlTemplate\":\"https:\/\/www.sai-open.com\/nueva\/?s={search_term_string}\"},\"query-input\":{\"@type\":\"PropertyValueSpecification\",\"valueRequired\":true,\"valueName\":\"search_term_string\"}}],\"inLanguage\":\"es-CO\"},{\"@type\":\"Organization\",\"@id\":\"https:\/\/www.sai-open.com\/nueva\/#organization\",\"name\":\"GRUPO SAI S.A.S\",\"url\":\"https:\/\/www.sai-open.com\/nueva\/\",\"logo\":{\"@type\":\"ImageObject\",\"inLanguage\":\"es-CO\",\"@id\":\"https:\/\/www.sai-open.com\/nueva\/#\/schema\/logo\/image\/\",\"url\":\"https:\/\/www.sai-open.com\/nueva\/wp-content\/uploads\/2023\/11\/Sai-Open-1.png\",\"contentUrl\":\"https:\/\/www.sai-open.com\/nueva\/wp-content\/uploads\/2023\/11\/Sai-Open-1.png\",\"width\":230,\"height\":52,\"caption\":\"GRUPO SAI S.A.S\"},\"image\":{\"@id\":\"https:\/\/www.sai-open.com\/nueva\/#\/schema\/logo\/image\/\"}}]}<\/script>\n<!-- \/ Yoast SEO plugin. -->","yoast_head_json":{"title":"Sistemas POS - GRUPO SAI S.A.S","robots":{"index":"index","follow":"follow","max-snippet":"max-snippet:-1","max-image-preview":"max-image-preview:large","max-video-preview":"max-video-preview:-1"},"canonical":"https:\/\/www.sai-open.com\/nueva\/sistemas-pos\/","og_locale":"es_ES","og_type":"article","og_title":"Sistemas POS - GRUPO SAI S.A.S","og_description":"Sistemas POS POS COMERCIAL EN LA NUBE Nuestro m\u00f3dulo de punto de venta en la nube es vers\u00e1til y robusto, f\u00e1cil de manejar, opera con o sin conexi\u00f3n para preservar la integridad de la informaci\u00f3n. Puede funcionar independientemente o conectarse al ERP SAI OPEN para una gesti\u00f3n autom\u00e1tica de inventarios y contabilidad. 1. B\u00fasqueda y [&hellip;]","og_url":"https:\/\/www.sai-open.com\/nueva\/sistemas-pos\/","og_site_name":"GRUPO SAI S.A.S","article_modified_time":"2024-08-09T18:43:18+00:00","og_image":[{"url":"https:\/\/www.sai-open.com\/nueva\/wp-content\/uploads\/2024\/08\/Web-Sistema-POS-1.png","type":"","width":"","height":""}],"twitter_card":"summary_large_image","twitter_misc":{"Tiempo de lectura":"1 minuto"},"schema":{"@context":"https:\/\/schema.org","@graph":[{"@type":"WebPage","@id":"https:\/\/www.sai-open.com\/nueva\/sistemas-pos\/","url":"https:\/\/www.sai-open.com\/nueva\/sistemas-pos\/","name":"Sistemas POS - GRUPO SAI S.A.S","isPartOf":{"@id":"https:\/\/www.sai-open.com\/nueva\/#website"},"primaryImageOfPage":{"@id":"https:\/\/www.sai-open.com\/nueva\/sistemas-pos\/#primaryimage"},"image":{"@id":"https:\/\/www.sai-open.com\/nueva\/sistemas-pos\/#primaryimage"},"thumbnailUrl":"https:\/\/www.sai-open.com\/nueva\/wp-content\/uploads\/2024\/08\/Web-Sistema-POS-1.png","datePublished":"2023-11-29T16:28:51+00:00","dateModified":"2024-08-09T18:43:18+00:00","breadcrumb":{"@id":"https:\/\/www.sai-open.com\/nueva\/sistemas-pos\/#breadcrumb"},"inLanguage":"es-CO","potentialAction":[{"@type":"ReadAction","target":["https:\/\/www.sai-open.com\/nueva\/sistemas-pos\/"]}]},{"@type":"ImageObject","inLanguage":"es-CO","@id":"https:\/\/www.sai-open.com\/nueva\/sistemas-pos\/#primaryimage","url":"https:\/\/www.sai-open.com\/nueva\/wp-content\/uploads\/2024\/08\/Web-Sistema-POS-1.png","contentUrl":"https:\/\/www.sai-open.com\/nueva\/wp-content\/uploads\/2024\/08\/Web-Sistema-POS-1.png","width":525,"height":380},{"@type":"BreadcrumbList","@id":"https:\/\/www.sai-open.com\/nueva\/sistemas-pos\/#breadcrumb","itemListElement":[{"@type":"ListItem","position":1,"name":"Inicio","item":"https:\/\/www.sai-open.com\/nueva\/"},{"@type":"ListItem","position":2,"name":"Sistemas POS"}]},{"@type":"WebSite","@id":"https:\/\/www.sai-open.com\/nueva\/#website","url":"https:\/\/www.sai-open.com\/nueva\/","name":"GRUPO SAI S.A.S","description":"Sistema administrativo inteligente","publisher":{"@id":"https:\/\/www.sai-open.com\/nueva\/#organization"},"potentialAction":[{"@type":"SearchAction","target":{"@type":"EntryPoint","urlTemplate":"https:\/\/www.sai-open.com\/nueva\/?s={search_term_string}"},"query-input":{"@type":"PropertyValueSpecification","valueRequired":true,"valueName":"search_term_string"}}],"inLanguage":"es-CO"},{"@type":"Organization","@id":"https:\/\/www.sai-open.com\/nueva\/#organization","name":"GRUPO SAI S.A.S","url":"https:\/\/www.sai-open.com\/nueva\/","logo":{"@type":"ImageObject","inLanguage":"es-CO","@id":"https:\/\/www.sai-open.com\/nueva\/#\/schema\/logo\/image\/","url":"https:\/\/www.sai-open.com\/nueva\/wp-content\/uploads\/2023\/11\/Sai-Open-1.png","contentUrl":"https:\/\/www.sai-open.com\/nueva\/wp-content\/uploads\/2023\/11\/Sai-Open-1.png","width":230,"height":52,"caption":"GRUPO SAI S.A.S"},"image":{"@id":"https:\/\/www.sai-open.com\/nueva\/#\/schema\/logo\/image\/"}}]}},"_links":{"self":[{"href":"https:\/\/www.sai-open.com\/nueva\/wp-json\/wp\/v2\/pages\/5873","targetHints":{"allow":["GET"]}}],"collection":[{"href":"https:\/\/www.sai-open.com\/nueva\/wp-json\/wp\/v2\/pages"}],"about":[{"href":"https:\/\/www.sai-open.com\/nueva\/wp-json\/wp\/v2\/types\/page"}],"author":[{"embeddable":true,"href":"https:\/\/www.sai-open.com\/nueva\/wp-json\/wp\/v2\/users\/1"}],"replies":[{"embeddable":true,"href":"https:\/\/www.sai-open.com\/nueva\/wp-json\/wp\/v2\/comments?post=5873"}],"version-history":[{"count":49,"href":"https:\/\/www.sai-open.com\/nueva\/wp-json\/wp\/v2\/pages\/5873\/revisions"}],"predecessor-version":[{"id":6568,"href":"https:\/\/www.sai-open.com\/nueva\/wp-json\/wp\/v2\/pages\/5873\/revisions\/6568"}],"wp:attachment":[{"href":"https:\/\/www.sai-open.com\/nueva\/wp-json\/wp\/v2\/media?parent=5873"}],"curies":[{"name":"wp","href":"https:\/\/api.w.org\/{rel}","templated":true}]}}