{"id":5786,"date":"2023-11-29T10:24:09","date_gmt":"2023-11-29T15:24:09","guid":{"rendered":"https:\/\/www.sai-open.com\/nueva\/?page_id=5786"},"modified":"2024-08-09T11:50:17","modified_gmt":"2024-08-09T16:50:17","slug":"contabilidad","status":"publish","type":"page","link":"https:\/\/www.sai-open.com\/nueva\/contabilidad\/","title":{"rendered":"Contabilidad"},"content":{"rendered":"\t\t<div data-elementor-type=\"wp-page\" data-elementor-id=\"5786\" class=\"elementor elementor-5786\">\n\t\t\t\t<div class=\"elementor-element elementor-element-94a8483 e-flex e-con-boxed e-con e-parent\" data-id=\"94a8483\" data-element_type=\"container\">\n\t\t\t\t\t<div class=\"e-con-inner\">\n\t\t<div class=\"elementor-element elementor-element-cb55d81 e-flex e-con-boxed e-con e-child\" data-id=\"cb55d81\" data-element_type=\"container\">\n\t\t\t\t\t<div class=\"e-con-inner\">\n\t\t<div class=\"elementor-element elementor-element-730b5f3 e-flex e-con-boxed e-con e-child\" data-id=\"730b5f3\" data-element_type=\"container\">\n\t\t\t\t\t<div class=\"e-con-inner\">\n\t\t\t\t<div class=\"elementor-element elementor-element-862a4a7 elementor-invisible elementor-widget elementor-widget-heading\" data-id=\"862a4a7\" data-element_type=\"widget\" data-settings=\"{&quot;_animation&quot;:&quot;fadeInDown&quot;}\" data-widget_type=\"heading.default\">\n\t\t\t\t<div class=\"elementor-widget-container\">\n\t\t\t\t\t<h2 class=\"elementor-heading-title elementor-size-default\">Contabilidad<\/h2>\t\t\t\t<\/div>\n\t\t\t\t<\/div>\n\t\t\t\t<div class=\"elementor-element elementor-element-bf54269 elementor-widget elementor-widget-spacer\" data-id=\"bf54269\" data-element_type=\"widget\" data-widget_type=\"spacer.default\">\n\t\t\t\t<div class=\"elementor-widget-container\">\n\t\t\t\t\t\t\t<div class=\"elementor-spacer\">\n\t\t\t<div class=\"elementor-spacer-inner\"><\/div>\n\t\t<\/div>\n\t\t\t\t\t\t<\/div>\n\t\t\t\t<\/div>\n\t\t\t\t\t<\/div>\n\t\t\t\t<\/div>\n\t\t\t\t\t<\/div>\n\t\t\t\t<\/div>\n\t\t\t\t\t<\/div>\n\t\t\t\t<\/div>\n\t\t<div class=\"elementor-element elementor-element-e130754 e-flex e-con-boxed e-con e-parent\" data-id=\"e130754\" data-element_type=\"container\">\n\t\t\t\t\t<div class=\"e-con-inner\">\n\t\t<div class=\"elementor-element elementor-element-616ded5 e-flex e-con-boxed e-con e-child\" data-id=\"616ded5\" data-element_type=\"container\">\n\t\t\t\t\t<div class=\"e-con-inner\">\n\t\t<div class=\"elementor-element elementor-element-c85f21b e-flex e-con-boxed e-con e-child\" data-id=\"c85f21b\" data-element_type=\"container\">\n\t\t\t\t\t<div class=\"e-con-inner\">\n\t\t\t\t<div class=\"elementor-element elementor-element-226d851 elementor-invisible elementor-widget elementor-widget-heading\" data-id=\"226d851\" data-element_type=\"widget\" data-settings=\"{&quot;_animation&quot;:&quot;fadeInUp&quot;}\" data-widget_type=\"heading.default\">\n\t\t\t\t<div class=\"elementor-widget-container\">\n\t\t\t\t\t<h2 class=\"elementor-heading-title elementor-size-default\">Obtenga la informaci\u00f3n contable de manera autom\u00e1tica. Sin redigitar transacciones autom\u00e1ticas y\/o administrativas.<\/h2>\t\t\t\t<\/div>\n\t\t\t\t<\/div>\n\t\t\t\t\t<\/div>\n\t\t\t\t<\/div>\n\t\t\t\t\t<\/div>\n\t\t\t\t<\/div>\n\t\t\t\t\t<\/div>\n\t\t\t\t<\/div>\n\t\t<div class=\"elementor-element elementor-element-d2c4aa9 e-flex e-con-boxed e-con e-parent\" data-id=\"d2c4aa9\" data-element_type=\"container\">\n\t\t\t\t\t<div class=\"e-con-inner\">\n\t\t\t\t\t<\/div>\n\t\t\t\t<\/div>\n\t\t<div class=\"elementor-element elementor-element-0414e7d e-flex e-con-boxed e-con e-parent\" data-id=\"0414e7d\" data-element_type=\"container\">\n\t\t\t\t\t<div class=\"e-con-inner\">\n\t\t<div class=\"elementor-element elementor-element-06184da e-flex e-con-boxed e-con e-child\" data-id=\"06184da\" data-element_type=\"container\">\n\t\t\t\t\t<div class=\"e-con-inner\">\n\t\t<div class=\"elementor-element elementor-element-56346f0 e-con-full e-flex e-con e-child\" data-id=\"56346f0\" data-element_type=\"container\">\n\t\t\t\t<div class=\"elementor-element elementor-element-a061fc3 elementor-widget elementor-widget-spacer\" data-id=\"a061fc3\" data-element_type=\"widget\" data-widget_type=\"spacer.default\">\n\t\t\t\t<div class=\"elementor-widget-container\">\n\t\t\t\t\t\t\t<div class=\"elementor-spacer\">\n\t\t\t<div class=\"elementor-spacer-inner\"><\/div>\n\t\t<\/div>\n\t\t\t\t\t\t<\/div>\n\t\t\t\t<\/div>\n\t\t\t\t<div class=\"elementor-element elementor-element-a1a738a elementor-invisible elementor-widget elementor-widget-image\" data-id=\"a1a738a\" data-element_type=\"widget\" data-settings=\"{&quot;_animation&quot;:&quot;fadeInRight&quot;}\" data-widget_type=\"image.default\">\n\t\t\t\t<div class=\"elementor-widget-container\">\n\t\t\t\t\t\t\t\t\t\t\t\t\t\t\t<img fetchpriority=\"high\" decoding=\"async\" width=\"525\" height=\"380\" src=\"https:\/\/www.sai-open.com\/nueva\/wp-content\/uploads\/2024\/08\/Web-Contabilidad.png\" class=\"attachment-large size-large wp-image-6515\" alt=\"\" srcset=\"https:\/\/www.sai-open.com\/nueva\/wp-content\/uploads\/2024\/08\/Web-Contabilidad.png 525w, https:\/\/www.sai-open.com\/nueva\/wp-content\/uploads\/2024\/08\/Web-Contabilidad-300x217.png 300w\" sizes=\"(max-width: 525px) 100vw, 525px\" \/>\t\t\t\t\t\t\t\t\t\t\t\t\t\t\t<\/div>\n\t\t\t\t<\/div>\n\t\t\t\t<\/div>\n\t\t<div class=\"elementor-element elementor-element-c29942d e-con-full e-flex e-con e-child\" data-id=\"c29942d\" data-element_type=\"container\">\n\t\t\t\t<div class=\"elementor-element elementor-element-330d261 elementor-widget elementor-widget-spacer\" data-id=\"330d261\" data-element_type=\"widget\" data-widget_type=\"spacer.default\">\n\t\t\t\t<div class=\"elementor-widget-container\">\n\t\t\t\t\t\t\t<div class=\"elementor-spacer\">\n\t\t\t<div class=\"elementor-spacer-inner\"><\/div>\n\t\t<\/div>\n\t\t\t\t\t\t<\/div>\n\t\t\t\t<\/div>\n\t\t\t\t<div class=\"elementor-element elementor-element-fddd275 elementor-align-left elementor-icon-list--layout-traditional elementor-list-item-link-full_width elementor-invisible elementor-widget elementor-widget-icon-list\" data-id=\"fddd275\" data-element_type=\"widget\" data-settings=\"{&quot;_animation&quot;:&quot;fadeInLeft&quot;}\" data-widget_type=\"icon-list.default\">\n\t\t\t\t<div class=\"elementor-widget-container\">\n\t\t\t\t\t\t\t<ul class=\"elementor-icon-list-items\">\n\t\t\t\t\t\t\t<li class=\"elementor-icon-list-item\">\n\t\t\t\t\t\t\t\t\t\t\t<span class=\"elementor-icon-list-icon\">\n\t\t\t\t\t\t\t<svg aria-hidden=\"true\" class=\"e-font-icon-svg e-fas-check\" viewBox=\"0 0 512 512\" xmlns=\"http:\/\/www.w3.org\/2000\/svg\"><path d=\"M173.898 439.404l-166.4-166.4c-9.997-9.997-9.997-26.206 0-36.204l36.203-36.204c9.997-9.998 26.207-9.998 36.204 0L192 312.69 432.095 72.596c9.997-9.997 26.207-9.997 36.204 0l36.203 36.204c9.997 9.997 9.997 26.206 0 36.204l-294.4 294.401c-9.998 9.997-26.207 9.997-36.204-.001z\"><\/path><\/svg>\t\t\t\t\t\t<\/span>\n\t\t\t\t\t\t\t\t\t\t<span class=\"elementor-icon-list-text\"><strong style=\"font-size:18px\">Consultas Din\u00e1micas:<\/strong> Explore datos con consultas din\u00e1micas, buscando por empresa, departamento, centro de costo, tipo de documento y fecha, proporcionando flexibilidad y agilidad.<\/span>\n\t\t\t\t\t\t\t\t\t<\/li>\n\t\t\t\t\t\t\t\t<li class=\"elementor-icon-list-item\">\n\t\t\t\t\t\t\t\t\t\t\t<span class=\"elementor-icon-list-icon\">\n\t\t\t\t\t\t\t<svg aria-hidden=\"true\" class=\"e-font-icon-svg e-fas-check\" viewBox=\"0 0 512 512\" xmlns=\"http:\/\/www.w3.org\/2000\/svg\"><path d=\"M173.898 439.404l-166.4-166.4c-9.997-9.997-9.997-26.206 0-36.204l36.203-36.204c9.997-9.998 26.207-9.998 36.204 0L192 312.69 432.095 72.596c9.997-9.997 26.207-9.997 36.204 0l36.203 36.204c9.997 9.997 9.997 26.206 0 36.204l-294.4 294.401c-9.998 9.997-26.207 9.997-36.204-.001z\"><\/path><\/svg>\t\t\t\t\t\t<\/span>\n\t\t\t\t\t\t\t\t\t\t<span class=\"elementor-icon-list-text\"><strong style=\"font-size:18px\">Informaci\u00f3n Tributaria Integral:<\/strong> Acceda a informaci\u00f3n tributaria clave para la declaraci\u00f3n de renta, automatizando el proceso con asignaci\u00f3n de c\u00f3digos tributarios, equivalencias al plan de cuentas internacional, datos de medios magn\u00e9ticos y m\u00e1s.<\/span>\n\t\t\t\t\t\t\t\t\t<\/li>\n\t\t\t\t\t\t\t\t<li class=\"elementor-icon-list-item\">\n\t\t\t\t\t\t\t\t\t\t\t<span class=\"elementor-icon-list-icon\">\n\t\t\t\t\t\t\t<svg aria-hidden=\"true\" class=\"e-font-icon-svg e-fas-check\" viewBox=\"0 0 512 512\" xmlns=\"http:\/\/www.w3.org\/2000\/svg\"><path d=\"M173.898 439.404l-166.4-166.4c-9.997-9.997-9.997-26.206 0-36.204l36.203-36.204c9.997-9.998 26.207-9.998 36.204 0L192 312.69 432.095 72.596c9.997-9.997 26.207-9.997 36.204 0l36.203 36.204c9.997 9.997 9.997 26.206 0 36.204l-294.4 294.401c-9.998 9.997-26.207 9.997-36.204-.001z\"><\/path><\/svg>\t\t\t\t\t\t<\/span>\n\t\t\t\t\t\t\t\t\t\t<span class=\"elementor-icon-list-text\"><strong style=\"font-size:18px\">Control Presupuestal Eficiente:<\/strong> Mantenga un control efectivo con informes contables detallados por sucursal, departamento, centros de costos y proyecto, integrando control presupuestal por cuentas contables.<\/span>\n\t\t\t\t\t\t\t\t\t<\/li>\n\t\t\t\t\t\t\t\t<li class=\"elementor-icon-list-item\">\n\t\t\t\t\t\t\t\t\t\t\t<span class=\"elementor-icon-list-icon\">\n\t\t\t\t\t\t\t<svg aria-hidden=\"true\" class=\"e-font-icon-svg e-fas-check\" viewBox=\"0 0 512 512\" xmlns=\"http:\/\/www.w3.org\/2000\/svg\"><path d=\"M173.898 439.404l-166.4-166.4c-9.997-9.997-9.997-26.206 0-36.204l36.203-36.204c9.997-9.998 26.207-9.998 36.204 0L192 312.69 432.095 72.596c9.997-9.997 26.207-9.997 36.204 0l36.203 36.204c9.997 9.997 9.997 26.206 0 36.204l-294.4 294.401c-9.998 9.997-26.207 9.997-36.204-.001z\"><\/path><\/svg>\t\t\t\t\t\t<\/span>\n\t\t\t\t\t\t\t\t\t\t<span class=\"elementor-icon-list-text\"><strong style=\"font-size:18px\">Balance General Personalizado:<\/strong> Obtenga balances generales personalizados por sucursal, cuenta, subcuenta, auxiliar, comparativo o clasificado, con fechas flexibles y c\u00e1lculos autom\u00e1ticos de utilidades o p\u00e9rdidas.<\/span>\n\t\t\t\t\t\t\t\t\t<\/li>\n\t\t\t\t\t\t<\/ul>\n\t\t\t\t\t\t<\/div>\n\t\t\t\t<\/div>\n\t\t\t\t<\/div>\n\t\t\t\t\t<\/div>\n\t\t\t\t<\/div>\n\t\t\t\t\t<\/div>\n\t\t\t\t<\/div>\n\t\t\t\t<\/div>\n\t\t","protected":false},"excerpt":{"rendered":"<p>Contabilidad Obtenga la informaci\u00f3n contable de manera autom\u00e1tica. Sin redigitar transacciones autom\u00e1ticas y\/o administrativas. Consultas Din\u00e1micas: Explore datos con consultas din\u00e1micas, buscando por empresa, departamento, centro de costo, tipo de documento y fecha, proporcionando flexibilidad y agilidad. Informaci\u00f3n Tributaria Integral: Acceda a informaci\u00f3n tributaria clave para la declaraci\u00f3n de renta, automatizando el proceso con asignaci\u00f3n [&hellip;]<\/p>\n","protected":false},"author":1,"featured_media":0,"parent":0,"menu_order":0,"comment_status":"closed","ping_status":"closed","template":"","meta":{"footnotes":""},"class_list":["post-5786","page","type-page","status-publish","hentry"],"yoast_head":"<!-- This site is optimized with the Yoast SEO plugin v25.7 - https:\/\/yoast.com\/wordpress\/plugins\/seo\/ -->\n<title>Contabilidad - GRUPO SAI S.A.S<\/title>\n<meta name=\"robots\" content=\"index, follow, max-snippet:-1, max-image-preview:large, max-video-preview:-1\" \/>\n<link rel=\"canonical\" href=\"https:\/\/www.sai-open.com\/nueva\/contabilidad\/\" \/>\n<meta property=\"og:locale\" content=\"es_ES\" \/>\n<meta property=\"og:type\" content=\"article\" \/>\n<meta property=\"og:title\" content=\"Contabilidad - GRUPO SAI S.A.S\" \/>\n<meta property=\"og:description\" content=\"Contabilidad Obtenga la informaci\u00f3n contable de manera autom\u00e1tica. Sin redigitar transacciones autom\u00e1ticas y\/o administrativas. Consultas Din\u00e1micas: Explore datos con consultas din\u00e1micas, buscando por empresa, departamento, centro de costo, tipo de documento y fecha, proporcionando flexibilidad y agilidad. Informaci\u00f3n Tributaria Integral: Acceda a informaci\u00f3n tributaria clave para la declaraci\u00f3n de renta, automatizando el proceso con asignaci\u00f3n [&hellip;]\" \/>\n<meta property=\"og:url\" content=\"https:\/\/www.sai-open.com\/nueva\/contabilidad\/\" \/>\n<meta property=\"og:site_name\" content=\"GRUPO SAI S.A.S\" \/>\n<meta property=\"article:modified_time\" content=\"2024-08-09T16:50:17+00:00\" \/>\n<meta property=\"og:image\" content=\"https:\/\/www.sai-open.com\/nueva\/wp-content\/uploads\/2024\/08\/Web-Contabilidad.png\" \/>\n<meta name=\"twitter:card\" content=\"summary_large_image\" \/>\n<meta name=\"twitter:label1\" content=\"Tiempo de lectura\" \/>\n\t<meta name=\"twitter:data1\" content=\"1 minuto\" \/>\n<script type=\"application\/ld+json\" class=\"yoast-schema-graph\">{\"@context\":\"https:\/\/schema.org\",\"@graph\":[{\"@type\":\"WebPage\",\"@id\":\"https:\/\/www.sai-open.com\/nueva\/contabilidad\/\",\"url\":\"https:\/\/www.sai-open.com\/nueva\/contabilidad\/\",\"name\":\"Contabilidad - GRUPO SAI S.A.S\",\"isPartOf\":{\"@id\":\"https:\/\/www.sai-open.com\/nueva\/#website\"},\"primaryImageOfPage\":{\"@id\":\"https:\/\/www.sai-open.com\/nueva\/contabilidad\/#primaryimage\"},\"image\":{\"@id\":\"https:\/\/www.sai-open.com\/nueva\/contabilidad\/#primaryimage\"},\"thumbnailUrl\":\"https:\/\/www.sai-open.com\/nueva\/wp-content\/uploads\/2024\/08\/Web-Contabilidad.png\",\"datePublished\":\"2023-11-29T15:24:09+00:00\",\"dateModified\":\"2024-08-09T16:50:17+00:00\",\"breadcrumb\":{\"@id\":\"https:\/\/www.sai-open.com\/nueva\/contabilidad\/#breadcrumb\"},\"inLanguage\":\"es-CO\",\"potentialAction\":[{\"@type\":\"ReadAction\",\"target\":[\"https:\/\/www.sai-open.com\/nueva\/contabilidad\/\"]}]},{\"@type\":\"ImageObject\",\"inLanguage\":\"es-CO\",\"@id\":\"https:\/\/www.sai-open.com\/nueva\/contabilidad\/#primaryimage\",\"url\":\"https:\/\/www.sai-open.com\/nueva\/wp-content\/uploads\/2024\/08\/Web-Contabilidad.png\",\"contentUrl\":\"https:\/\/www.sai-open.com\/nueva\/wp-content\/uploads\/2024\/08\/Web-Contabilidad.png\",\"width\":525,\"height\":380},{\"@type\":\"BreadcrumbList\",\"@id\":\"https:\/\/www.sai-open.com\/nueva\/contabilidad\/#breadcrumb\",\"itemListElement\":[{\"@type\":\"ListItem\",\"position\":1,\"name\":\"Inicio\",\"item\":\"https:\/\/www.sai-open.com\/nueva\/\"},{\"@type\":\"ListItem\",\"position\":2,\"name\":\"Contabilidad\"}]},{\"@type\":\"WebSite\",\"@id\":\"https:\/\/www.sai-open.com\/nueva\/#website\",\"url\":\"https:\/\/www.sai-open.com\/nueva\/\",\"name\":\"GRUPO SAI S.A.S\",\"description\":\"Sistema administrativo inteligente\",\"publisher\":{\"@id\":\"https:\/\/www.sai-open.com\/nueva\/#organization\"},\"potentialAction\":[{\"@type\":\"SearchAction\",\"target\":{\"@type\":\"EntryPoint\",\"urlTemplate\":\"https:\/\/www.sai-open.com\/nueva\/?s={search_term_string}\"},\"query-input\":{\"@type\":\"PropertyValueSpecification\",\"valueRequired\":true,\"valueName\":\"search_term_string\"}}],\"inLanguage\":\"es-CO\"},{\"@type\":\"Organization\",\"@id\":\"https:\/\/www.sai-open.com\/nueva\/#organization\",\"name\":\"GRUPO SAI S.A.S\",\"url\":\"https:\/\/www.sai-open.com\/nueva\/\",\"logo\":{\"@type\":\"ImageObject\",\"inLanguage\":\"es-CO\",\"@id\":\"https:\/\/www.sai-open.com\/nueva\/#\/schema\/logo\/image\/\",\"url\":\"https:\/\/www.sai-open.com\/nueva\/wp-content\/uploads\/2023\/11\/Sai-Open-1.png\",\"contentUrl\":\"https:\/\/www.sai-open.com\/nueva\/wp-content\/uploads\/2023\/11\/Sai-Open-1.png\",\"width\":230,\"height\":52,\"caption\":\"GRUPO SAI S.A.S\"},\"image\":{\"@id\":\"https:\/\/www.sai-open.com\/nueva\/#\/schema\/logo\/image\/\"}}]}<\/script>\n<!-- \/ Yoast SEO plugin. -->","yoast_head_json":{"title":"Contabilidad - GRUPO SAI S.A.S","robots":{"index":"index","follow":"follow","max-snippet":"max-snippet:-1","max-image-preview":"max-image-preview:large","max-video-preview":"max-video-preview:-1"},"canonical":"https:\/\/www.sai-open.com\/nueva\/contabilidad\/","og_locale":"es_ES","og_type":"article","og_title":"Contabilidad - GRUPO SAI S.A.S","og_description":"Contabilidad Obtenga la informaci\u00f3n contable de manera autom\u00e1tica. Sin redigitar transacciones autom\u00e1ticas y\/o administrativas. Consultas Din\u00e1micas: Explore datos con consultas din\u00e1micas, buscando por empresa, departamento, centro de costo, tipo de documento y fecha, proporcionando flexibilidad y agilidad. Informaci\u00f3n Tributaria Integral: Acceda a informaci\u00f3n tributaria clave para la declaraci\u00f3n de renta, automatizando el proceso con asignaci\u00f3n [&hellip;]","og_url":"https:\/\/www.sai-open.com\/nueva\/contabilidad\/","og_site_name":"GRUPO SAI S.A.S","article_modified_time":"2024-08-09T16:50:17+00:00","og_image":[{"url":"https:\/\/www.sai-open.com\/nueva\/wp-content\/uploads\/2024\/08\/Web-Contabilidad.png","type":"","width":"","height":""}],"twitter_card":"summary_large_image","twitter_misc":{"Tiempo de lectura":"1 minuto"},"schema":{"@context":"https:\/\/schema.org","@graph":[{"@type":"WebPage","@id":"https:\/\/www.sai-open.com\/nueva\/contabilidad\/","url":"https:\/\/www.sai-open.com\/nueva\/contabilidad\/","name":"Contabilidad - GRUPO SAI S.A.S","isPartOf":{"@id":"https:\/\/www.sai-open.com\/nueva\/#website"},"primaryImageOfPage":{"@id":"https:\/\/www.sai-open.com\/nueva\/contabilidad\/#primaryimage"},"image":{"@id":"https:\/\/www.sai-open.com\/nueva\/contabilidad\/#primaryimage"},"thumbnailUrl":"https:\/\/www.sai-open.com\/nueva\/wp-content\/uploads\/2024\/08\/Web-Contabilidad.png","datePublished":"2023-11-29T15:24:09+00:00","dateModified":"2024-08-09T16:50:17+00:00","breadcrumb":{"@id":"https:\/\/www.sai-open.com\/nueva\/contabilidad\/#breadcrumb"},"inLanguage":"es-CO","potentialAction":[{"@type":"ReadAction","target":["https:\/\/www.sai-open.com\/nueva\/contabilidad\/"]}]},{"@type":"ImageObject","inLanguage":"es-CO","@id":"https:\/\/www.sai-open.com\/nueva\/contabilidad\/#primaryimage","url":"https:\/\/www.sai-open.com\/nueva\/wp-content\/uploads\/2024\/08\/Web-Contabilidad.png","contentUrl":"https:\/\/www.sai-open.com\/nueva\/wp-content\/uploads\/2024\/08\/Web-Contabilidad.png","width":525,"height":380},{"@type":"BreadcrumbList","@id":"https:\/\/www.sai-open.com\/nueva\/contabilidad\/#breadcrumb","itemListElement":[{"@type":"ListItem","position":1,"name":"Inicio","item":"https:\/\/www.sai-open.com\/nueva\/"},{"@type":"ListItem","position":2,"name":"Contabilidad"}]},{"@type":"WebSite","@id":"https:\/\/www.sai-open.com\/nueva\/#website","url":"https:\/\/www.sai-open.com\/nueva\/","name":"GRUPO SAI S.A.S","description":"Sistema administrativo inteligente","publisher":{"@id":"https:\/\/www.sai-open.com\/nueva\/#organization"},"potentialAction":[{"@type":"SearchAction","target":{"@type":"EntryPoint","urlTemplate":"https:\/\/www.sai-open.com\/nueva\/?s={search_term_string}"},"query-input":{"@type":"PropertyValueSpecification","valueRequired":true,"valueName":"search_term_string"}}],"inLanguage":"es-CO"},{"@type":"Organization","@id":"https:\/\/www.sai-open.com\/nueva\/#organization","name":"GRUPO SAI S.A.S","url":"https:\/\/www.sai-open.com\/nueva\/","logo":{"@type":"ImageObject","inLanguage":"es-CO","@id":"https:\/\/www.sai-open.com\/nueva\/#\/schema\/logo\/image\/","url":"https:\/\/www.sai-open.com\/nueva\/wp-content\/uploads\/2023\/11\/Sai-Open-1.png","contentUrl":"https:\/\/www.sai-open.com\/nueva\/wp-content\/uploads\/2023\/11\/Sai-Open-1.png","width":230,"height":52,"caption":"GRUPO SAI S.A.S"},"image":{"@id":"https:\/\/www.sai-open.com\/nueva\/#\/schema\/logo\/image\/"}}]}},"_links":{"self":[{"href":"https:\/\/www.sai-open.com\/nueva\/wp-json\/wp\/v2\/pages\/5786","targetHints":{"allow":["GET"]}}],"collection":[{"href":"https:\/\/www.sai-open.com\/nueva\/wp-json\/wp\/v2\/pages"}],"about":[{"href":"https:\/\/www.sai-open.com\/nueva\/wp-json\/wp\/v2\/types\/page"}],"author":[{"embeddable":true,"href":"https:\/\/www.sai-open.com\/nueva\/wp-json\/wp\/v2\/users\/1"}],"replies":[{"embeddable":true,"href":"https:\/\/www.sai-open.com\/nueva\/wp-json\/wp\/v2\/comments?post=5786"}],"version-history":[{"count":26,"href":"https:\/\/www.sai-open.com\/nueva\/wp-json\/wp\/v2\/pages\/5786\/revisions"}],"predecessor-version":[{"id":6524,"href":"https:\/\/www.sai-open.com\/nueva\/wp-json\/wp\/v2\/pages\/5786\/revisions\/6524"}],"wp:attachment":[{"href":"https:\/\/www.sai-open.com\/nueva\/wp-json\/wp\/v2\/media?parent=5786"}],"curies":[{"name":"wp","href":"https:\/\/api.w.org\/{rel}","templated":true}]}}